{"id":22,"date":"2023-12-18T09:30:45","date_gmt":"2023-12-18T09:30:45","guid":{"rendered":"https:\/\/neu.uebersetzungen-riede.de\/?page_id=22"},"modified":"2024-04-02T13:48:42","modified_gmt":"2024-04-02T13:48:42","slug":"warum-einen-profi","status":"publish","type":"page","link":"https:\/\/uebersetzungen-riede.de\/fr\/pourquoi-faire-appel-a-un-professionnel\/","title":{"rendered":"Pourquoi faire appel \u00e0 un professionnel ?"},"content":{"rendered":"<p>[et_pb_section fb_built=&#8220;1&#8243; custom_padding_last_edited=&#8220;on|phone&#8220; _builder_version=&#8220;4.24.2&#8243; _module_preset=&#8220;default&#8220; use_background_color_gradient=&#8220;on&#8220; background_color_gradient_direction=&#8220;152deg&#8220; background_color_gradient_stops=&#8220;rgba(255,255,255,0.96) 16%|rgba(255,255,255,0.8) 77%&#8220; background_color_gradient_overlays_image=&#8220;on&#8220; background_image=&#8220;https:\/\/uebersetzungen-riede.de\/wp-content\/uploads\/2024\/01\/Header_Warum_ein_Profi.jpg&#8220; background_size=&#8220;initial&#8220; height_tablet=&#8220;280px&#8220; height_phone=&#8220;200px&#8220; height_last_edited=&#8220;on|phone&#8220; custom_margin_tablet=&#8220;200px||||false|false&#8220; custom_margin_phone=&#8220;200px||||false|false&#8220; custom_margin_last_edited=&#8220;on|phone&#8220; custom_padding_tablet=&#8220;&#8220; custom_padding_phone=&#8220;40px||||false|false&#8220; background_last_edited=&#8220;on|phone&#8220; background_enable_color_phone=&#8220;off&#8220; use_background_color_gradient_phone=&#8220;on&#8220; background_color_gradient_direction_phone=&#8220;140deg&#8220; background_color_gradient_stops_phone=&#8220;rgba(255,255,255,0.95) 0%|rgba(255,255,255,0.86) 27%|rgba(255,255,255,0.86) 71%|rgba(255,255,255,0.84) 100%&#8220; background_image_tablet=&#8220;https:\/\/neu.uebersetzungen-riede.de\/wp-content\/uploads\/2024\/01\/Header_Warum_ein_Profi.jpg&#8220; background_image_phone=&#8220;https:\/\/uebersetzungen-riede.de\/wp-content\/uploads\/2024\/01\/Header_Warum_ein_Profi.jpg&#8220; background_enable_image_tablet=&#8220;on&#8220; background_enable_image_phone=&#8220;on&#8220; background_size_tablet=&#8220;cover&#8220; background_position_tablet=&#8220;top_right&#8220; background_horizontal_offset_tablet=&#8220;42%&#8220; global_colors_info=&#8220;{}&#8220;][et_pb_row _builder_version=&#8220;4.24.1&#8243; _module_preset=&#8220;default&#8220; global_colors_info=&#8220;{}&#8220;][et_pb_column type=&#8220;4_4&#8243; _builder_version=&#8220;4.23.1&#8243; _module_preset=&#8220;default&#8220; global_colors_info=&#8220;{}&#8220;][et_pb_text _builder_version=&#8220;4.24.2&#8243; _module_preset=&#8220;default&#8220; header_3_text_color=&#8220;#7B9E1B&#8220; header_4_font=&#8220;Quicksand_Medium|||on|||||&#8220; custom_margin=&#8220;||5px||false|false&#8220; custom_padding=&#8220;||||false|false&#8220; header_3_font_size_tablet=&#8220;&#8220; header_3_font_size_phone=&#8220;28px&#8220; header_3_font_size_last_edited=&#8220;on|phone&#8220; global_colors_info=&#8220;{}&#8220;]<\/p>\n<h3>Pourquoi faire appel \u00e0 un professionnel ?<\/h3>\n<p>[\/et_pb_text][et_pb_text _builder_version=&#8220;4.24.2&#8243; _module_preset=&#8220;default&#8220; header_3_text_color=&#8220;#7B9E1B&#8220; header_4_font=&#8220;QuicksandRegular|||on|||||&#8220; header_4_text_color=&#8220;#7B9E1B&#8220; header_4_font_size_tablet=&#8220;&#8220; header_4_font_size_phone=&#8220;25px&#8220; header_4_font_size_last_edited=&#8220;on|phone&#8220; global_colors_info=&#8220;{}&#8220;]<\/p>\n<h4>\u00dcbersetzungen Riede<\/h4>\n<p>[\/et_pb_text][\/et_pb_column][\/et_pb_row][\/et_pb_section][et_pb_section fb_built=&#8220;1&#8243; _builder_version=&#8220;4.23.1&#8243; _module_preset=&#8220;default&#8220; background_color=&#8220;#FFFFFF&#8220; background_enable_image=&#8220;off&#8220; background_size=&#8220;contain&#8220; background_position=&#8220;top_left&#8220; background_horizontal_offset=&#8220;-34%&#8220; global_colors_info=&#8220;{}&#8220;][et_pb_row _builder_version=&#8220;4.23.1&#8243; _module_preset=&#8220;default&#8220; global_colors_info=&#8220;{}&#8220;][et_pb_column type=&#8220;4_4&#8243; _builder_version=&#8220;4.23.1&#8243; _module_preset=&#8220;default&#8220; global_colors_info=&#8220;{}&#8220;][et_pb_text _builder_version=&#8220;4.24.2&#8243; _module_preset=&#8220;default&#8220; hover_enabled=&#8220;0&#8243; global_colors_info=&#8220;{}&#8220; sticky_enabled=&#8220;0&#8243;]<\/p>\n<p>En Allemagne, le titre de traducteur n'est pas prot\u00e9g\u00e9 par la loi. Cela signifie que n'importe qui peut s'appeler \u00ab traducteur \u00bb et proposer ses services. Mais savoir parler une langue ne signifie pas pour autant la ma\u00eetriser sous toutes ses facettes.<\/p>\n<p>Pour traduire, il ne suffit pas de conna\u00eetre la langue et la grammaire, mais il faut aussi avoir une connaissance approfondie : de la culture et de la mentalit\u00e9 de l'autre, des \u00e9volutions historiques, des techniques et quotidiens diff\u00e9rents, des images et figures de style usit\u00e9es. Ce n'est qu'avec une formation solide, une longue exp\u00e9rience et un perfectionnement th\u00e9matique continu qu'un traducteur professionnel peut garantir la conformit\u00e9 du texte cible au texte source dans tous ses d\u00e9tails, sans qu'aucune n\u00e9gligence ou erreur ne puisse \u00eatre d\u00e9cel\u00e9e.<\/p>\n<p>Les dipl\u00f4mes, les examens d'\u00c9tat et l'affiliation \u00e0 une association professionnelle sont des crit\u00e8res qui vous permettent d'appr\u00e9cier la qualification d'un traducteur. Si vous souhaitez faire traduire des documents officiels tels que des dipl\u00f4mes, des actes notari\u00e9s ou des documents contractuels, vous devez contacter un traducteur agr\u00e9\u00e9 pour la langue concern\u00e9e qui r\u00e9alisera une traduction dite certifi\u00e9e. J'ai acquis cette qualification et bien d'autres encore.<\/p>\n<p>[\/et_pb_text][\/et_pb_column][\/et_pb_row][\/et_pb_section][et_pb_section fb_built=&#8220;1&#8243; _builder_version=&#8220;4.23.4&#8243; _module_preset=&#8220;default&#8220; background_color=&#8220;rgba(227,227,227,0.25)&#8220; background_image=&#8220;https:\/\/neu.uebersetzungen-riede.de\/wp-content\/uploads\/2023\/12\/nursing-home_23.png&#8220; background_size=&#8220;contain&#8220; background_position=&#8220;top_left&#8220; background_horizontal_offset=&#8220;-74%&#8220; background_last_edited=&#8220;on|phone&#8220; background_horizontal_offset_phone=&#8220;-38%&#8220; background_vertical_offset_phone=&#8220;-5%&#8220; global_colors_info=&#8220;{}&#8220;][et_pb_row _builder_version=&#8220;4.24.1&#8243; _module_preset=&#8220;default&#8220; global_colors_info=&#8220;{}&#8220;][et_pb_column type=&#8220;4_4&#8243; _builder_version=&#8220;4.24.1&#8243; _module_preset=&#8220;default&#8220; global_colors_info=&#8220;{}&#8220;][et_pb_text _builder_version=&#8220;4.24.1&#8243; _module_preset=&#8220;default&#8220; header_5_font_size_tablet=&#8220;&#8220; header_5_font_size_phone=&#8220;24px&#8220; header_5_font_size_last_edited=&#8220;on|phone&#8220; header_5_line_height_tablet=&#8220;&#8220; header_5_line_height_phone=&#8220;1.3em&#8220; header_5_line_height_last_edited=&#8220;on|phone&#8220; global_colors_info=&#8220;{}&#8220;]<\/p>\n<h5>Un programme de traduction plut\u00f4t qu'une traduction professionnelle ?<\/h5>\n<p>[\/et_pb_text][\/et_pb_column][\/et_pb_row][et_pb_row column_structure=&#8220;1_2,1_2&#8243; make_equal=&#8220;on&#8220; _builder_version=&#8220;4.23.1&#8243; _module_preset=&#8220;default&#8220; global_colors_info=&#8220;{}&#8220;][et_pb_column type=&#8220;1_2&#8243; _builder_version=&#8220;4.23.1&#8243; _module_preset=&#8220;default&#8220; global_colors_info=&#8220;{}&#8220;][et_pb_text _builder_version=&#8220;4.23.1&#8243; _module_preset=&#8220;default&#8220; global_colors_info=&#8220;{}&#8220;]<\/p>\n<p>Cela semble si simple : vous tapez votre texte et, comme par magie, la traduction s'affiche \u00e0 l'\u00e9cran dans la langue de votre choix.<\/p>\n<p>Dans le domaine de la traduction, l'intelligence artificielle est d\u00e9j\u00e0 remarquablement performante. DeepL et les autres programmes d\u00e9pannent assez bien pour comprendre en gros le sens d'un texte, communiquer pendant des vacances \u00e0 l'\u00e9tranger ou pour la correspondance priv\u00e9e.<\/p>\n<p>[\/et_pb_text][\/et_pb_column][et_pb_column type=&#8220;1_2&#8243; module_class=&#8220;vertikal-zentrieren&#8220; _builder_version=&#8220;4.23.1&#8243; _module_preset=&#8220;default&#8220; global_colors_info=&#8220;{}&#8220;][et_pb_image src=&#8220;https:\/\/uebersetzungen-riede.de\/wp-content\/uploads\/2024\/01\/AI-Robot-1.png&#8220; title_text=&#8220;AI Robot&#8220; _builder_version=&#8220;4.24.2&#8243; _module_preset=&#8220;default&#8220; width=&#8220;75%&#8220; custom_margin_tablet=&#8220;&#8220; custom_margin_phone=&#8220;|||-25px|false|false&#8220; custom_margin_last_edited=&#8220;on|phone&#8220; global_colors_info=&#8220;{}&#8220; custom_css_main_element_last_edited=&#8220;on|tablet&#8220; custom_css_main_element_tablet=&#8220;width: 350px!important;&#8220; custom_css_main_element_phone=&#8220;width: 350px!important;&#8220;][\/et_pb_image][\/et_pb_column][\/et_pb_row][et_pb_row _builder_version=&#8220;4.23.1&#8243; _module_preset=&#8220;default&#8220; global_colors_info=&#8220;{}&#8220;][et_pb_column type=&#8220;4_4&#8243; _builder_version=&#8220;4.23.1&#8243; _module_preset=&#8220;default&#8220; global_colors_info=&#8220;{}&#8220;][et_pb_text content_tablet=&#8220;<\/p>\n<p>Mais d\u00e8s qu'il s'agit de traduire des textes factuels ou sp\u00e9cialis\u00e9s, des \u0153uvres litt\u00e9raires ou des documents techniques, les programmes de traduction montrent rapidement leurs limites. Les expressions idiomatiques ou r\u00e9gionales, le vocabulaire sp\u00e9cialis\u00e9 et les processus techniques sont traduits avec des lacunes, voire compl\u00e8tement mal traduits. Au premier coup d'\u0153il, le texte traduit semble coh\u00e9rent, si bien que seul un \u0153il averti peut d\u00e9celer les n\u00e9gligences et les erreurs. Mais dans le pire des cas, ce serait celui de votre partenaire commercial...<\/p>\n<p>Les traducteurs r\u00e9fl\u00e9chissent, savent percevoir les \u00e9ventuelles incoh\u00e9rences dans le texte source et tiennent bien \u00e9videmment compte du contexte. Pendant mon travail de traduction, je suis en contact direct avec les auteurs du texte source et mon expertise me permet de d\u00e9celer d'\u00e9ventuelles erreurs. Par mes recherches, j'acquiers les \u00e9l\u00e9ments qui contribueront \u00e0 la clart\u00e9 requise et suis ainsi en mesure de transposer vos textes dans la langue cible sans aucun flou sur le fond ou la forme. Tout cela, l'intelligence artificielle ne peut pas le faire. Confiez vos textes sp\u00e9cialis\u00e9s importants \u00e0 un professionnel qui ne sous-traite pas sa mati\u00e8re grise: \u00dcbersetzungen Riede \u00e0 Erfurt.<\/p>\n<p class=\"translation-block\">Faites plus ample connaissance et d\u00e9couvrez mes <a href=\"https:\/\/neu.uebersetzungen-riede.de\/fr\/prestations\/\" target=\"_self\">Prestations<\/a> sur ce site, consultez mon Profil ou d\u00e9crochez le t\u00e9l\u00e9phone pour un contact personnel.<\/p>\n<p>&#8220; content_phone=&#8220;<\/p>\n<p>Cela semble si simple : vous tapez votre texte et, comme par magie, la traduction s'affiche \u00e0 l'\u00e9cran dans la<br \/>langue de votre choix.\nDans le domaine de la traduction, l'intelligence artificielle est d\u00e9j\u00e0 remarquablement performante. DeepL et les autres programmes d\u00e9pannent assez bien pour comprendre en gros le sens d'un texte, communiquer pendant des vacances \u00e0 l'\u00e9tranger ou pour la correspondance priv\u00e9e.<\/p>\n<p>Les traducteurs r\u00e9fl\u00e9chissent, savent percevoir les \u00e9ventuelles incoh\u00e9rences dans le texte source et tiennent bien \u00e9videmment compte du contexte. Pendant mon travail de traduction, je suis en contact direct avec les auteurs du texte source et mon expertise me permet de d\u00e9celer d'\u00e9ventuelles erreurs. Par mes recherches, j'acquiers les \u00e9l\u00e9ments qui contribueront \u00e0 la clart\u00e9 requise et suis ainsi en mesure de transposer vos textes dans la langue cible sans aucun flou sur le fond ou la forme. Tout cela, l'intelligence artificielle ne peut pas le faire. Confiez vos textes sp\u00e9cialis\u00e9s importants \u00e0 un professionnel qui ne sous-traite pas sa mati\u00e8re grise: \u00dcbersetzungen Riede \u00e0 Erfurt.<\/p>\n<p class=\"translation-block\">Faites plus ample connaissance et d\u00e9couvrez mes <a href=\"https:\/\/neu.uebersetzungen-riede.de\/fr\/prestations\/\" target=\"_self\">Prestations<\/a> sur ce site, consultez mon Profil ou d\u00e9crochez le t\u00e9l\u00e9phone pour un contact personnel.<\/p>\n<p>&#8220; content_last_edited=&#8220;on|phone&#8220; _builder_version=&#8220;4.24.2&#8243; _module_preset=&#8220;default&#8220; link_font=&#8220;Quicksand_Medium||||||||&#8220; link_text_color=&#8220;#7B9E1B&#8220; global_colors_info=&#8220;{}&#8220;]<\/p>\n<p>Mais d\u00e8s qu'il s'agit de traduire des textes factuels ou sp\u00e9cialis\u00e9s, des \u0153uvres litt\u00e9raires ou des documents techniques, les programmes de traduction montrent rapidement leurs limites. Les expressions idiomatiques ou r\u00e9gionales, le vocabulaire sp\u00e9cialis\u00e9 et les processus techniques sont traduits avec des lacunes, voire compl\u00e8tement mal traduits. Au premier coup d'\u0153il, le texte traduit semble coh\u00e9rent, si bien que seul un \u0153il averti peut d\u00e9celer les n\u00e9gligences et les erreurs. Mais dans le pire des cas, ce serait celui de votre partenaire commercial...<\/p>\n<p>Les traducteurs r\u00e9fl\u00e9chissent, savent percevoir les \u00e9ventuelles incoh\u00e9rences dans le texte source et tiennent bien \u00e9videmment compte du contexte. Pendant mon travail de traduction, je suis en contact direct avec les auteurs du texte source et mon expertise me permet de d\u00e9celer d'\u00e9ventuelles erreurs. Par mes recherches, j'acquiers les \u00e9l\u00e9ments qui contribueront \u00e0 la clart\u00e9 requise et suis ainsi en mesure de transposer vos textes dans la langue cible sans aucun flou sur le fond ou la forme. Tout cela, l'intelligence artificielle ne peut pas le faire. Confiez vos textes sp\u00e9cialis\u00e9s importants \u00e0 un professionnel qui ne sous-traite pas sa mati\u00e8re grise: \u00dcbersetzungen Riede \u00e0 Erfurt.<\/p>\n<p>Faites plus ample connaissance et d\u00e9couvrez mes<a class=\"et_pb_button et_pb_button_1 et_pb_bg_layout_light\" href=\"\/fr\/prestations\/\">Prestations<\/a>sur ce site, consultez mon<a class=\"et_pb_button et_pb_button_1 et_pb_bg_layout_light\" href=\"\/fr\/profil\/\">Profil<\/a>ou d\u00e9crochez le t\u00e9l\u00e9phone pour un contact personnel.<\/p>\n<p>[\/et_pb_text][et_pb_button button_url=&#8220;https:\/\/uebersetzungen-riede.de\/kontakt\/&#8220; button_text=&#8220;Jetzt kontaktieren&#8220; button_alignment=&#8220;left&#8220; disabled_on=&#8220;off|on|on&#8220; _builder_version=&#8220;4.24.2&#8243; _module_preset=&#8220;default&#8220; custom_button=&#8220;on&#8220; button_text_size=&#8220;20px&#8220; button_letter_spacing=&#8220;0px&#8220; button_font=&#8220;QuicksandSemibold||||||||&#8220; button_icon=&#8220;&#x45;||divi||400&#8243; custom_margin=&#8220;||||false|false&#8220; custom_css_main_element=&#8220;width: 350px!important;||text-align: center;&#8220; global_colors_info=&#8220;{}&#8220; button_bg_color__hover_enabled=&#8220;on|hover&#8220; button_bg_color__hover=&#8220;#707070&#8243; button_bg_enable_color__hover=&#8220;on&#8220; custom_css_main_element_last_edited=&#8220;on|phone&#8220; custom_css_main_element_phone=&#8220;width: 300px!important;||text-align: center;&#8220; custom_css_main_element_tablet=&#8220;width: 350px!important;||text-align: center;&#8220;][\/et_pb_button][\/et_pb_column][\/et_pb_row][\/et_pb_section]<\/p>","protected":false},"excerpt":{"rendered":"<p>Warum einen Profi?\u00dcbersetzungen RiedeDie Berufsbezeichnung des \u00dcbersetzers ist in Deutschland nicht gesch\u00fctzt. Das hei\u00dft, jeder kann sich \u201a\u00dcbersetzer\u2019 nennen und anschlie\u00dfend seine Leistungen anbieten. Doch eine Sprache zu kennen hei\u00dft nicht, sie auch zu k\u00f6nnen \u2013 und zwar mit allen ihren Facetten. Zum \u00dcbersetzen geh\u00f6ren nicht nur Sprach- und Grammatikkenntnisse, sondern auch tiefgreifendes Verst\u00e4ndnis: f\u00fcr [&hellip;]<\/p>","protected":false},"author":1,"featured_media":0,"parent":0,"menu_order":0,"comment_status":"closed","ping_status":"closed","template":"","meta":{"_et_pb_use_builder":"on","_et_pb_old_content":"","_et_gb_content_width":"","footnotes":""},"class_list":["post-22","page","type-page","status-publish","hentry"],"yoast_head":"<!-- This site is optimized with the Yoast SEO plugin v26.5 - https:\/\/yoast.com\/wordpress\/plugins\/seo\/ -->\n<title>Warum einen Profi? - \u00dcbersetzungen Riede<\/title>\n<meta name=\"description\" content=\"Professionelle \u00dcbersetzung statt \u00dcbersetzungsprogramme! Vertrauen Sie f\u00fcr Ihre wichtigen Fachtexte einem Profi wie - \u00dcbersetzungen Riede.\" \/>\n<meta name=\"robots\" content=\"index, follow, max-snippet:-1, max-image-preview:large, max-video-preview:-1\" \/>\n<link rel=\"canonical\" href=\"https:\/\/uebersetzungen-riede.de\/fr\/pourquoi-faire-appel-a-un-professionnel\/\" \/>\n<meta property=\"og:locale\" content=\"fr_FR\" \/>\n<meta property=\"og:type\" content=\"article\" \/>\n<meta property=\"og:title\" content=\"Warum einen Profi? - \u00dcbersetzungen Riede\" \/>\n<meta property=\"og:description\" content=\"Professionelle \u00dcbersetzung statt \u00dcbersetzungsprogramme! Vertrauen Sie f\u00fcr Ihre wichtigen Fachtexte einem Profi wie - \u00dcbersetzungen Riede.\" \/>\n<meta property=\"og:url\" content=\"https:\/\/uebersetzungen-riede.de\/fr\/pourquoi-faire-appel-a-un-professionnel\/\" \/>\n<meta property=\"og:site_name\" content=\"\u00dcbersetzungen Riede\" \/>\n<meta property=\"article:modified_time\" content=\"2024-04-02T13:48:42+00:00\" \/>\n<meta name=\"twitter:card\" content=\"summary_large_image\" \/>\n<meta name=\"twitter:label1\" content=\"Dur\u00e9e de lecture estim\u00e9e\" \/>\n\t<meta name=\"twitter:data1\" content=\"6 minutes\" \/>\n<script type=\"application\/ld+json\" class=\"yoast-schema-graph\">{\"@context\":\"https:\/\/schema.org\",\"@graph\":[{\"@type\":\"WebPage\",\"@id\":\"https:\/\/uebersetzungen-riede.de\/warum-einen-profi\/\",\"url\":\"https:\/\/uebersetzungen-riede.de\/warum-einen-profi\/\",\"name\":\"Warum einen Profi? - \u00dcbersetzungen Riede\",\"isPartOf\":{\"@id\":\"https:\/\/uebersetzungen-riede.de\/#website\"},\"datePublished\":\"2023-12-18T09:30:45+00:00\",\"dateModified\":\"2024-04-02T13:48:42+00:00\",\"description\":\"Professionelle \u00dcbersetzung statt \u00dcbersetzungsprogramme! Vertrauen Sie f\u00fcr Ihre wichtigen Fachtexte einem Profi wie - \u00dcbersetzungen Riede.\",\"breadcrumb\":{\"@id\":\"https:\/\/uebersetzungen-riede.de\/warum-einen-profi\/#breadcrumb\"},\"inLanguage\":\"fr-FR\",\"potentialAction\":[{\"@type\":\"ReadAction\",\"target\":[\"https:\/\/uebersetzungen-riede.de\/warum-einen-profi\/\"]}]},{\"@type\":\"BreadcrumbList\",\"@id\":\"https:\/\/uebersetzungen-riede.de\/warum-einen-profi\/#breadcrumb\",\"itemListElement\":[{\"@type\":\"ListItem\",\"position\":1,\"name\":\"Startseite\",\"item\":\"https:\/\/uebersetzungen-riede.de\/\"},{\"@type\":\"ListItem\",\"position\":2,\"name\":\"Warum einen Profi?\"}]},{\"@type\":\"WebSite\",\"@id\":\"https:\/\/uebersetzungen-riede.de\/#website\",\"url\":\"https:\/\/uebersetzungen-riede.de\/\",\"name\":\"\u00dcbersetzungen Riede\",\"description\":\"Fach\u00fcbersetzungen deutsch | franz\u00f6sisch | englisch\",\"publisher\":{\"@id\":\"https:\/\/uebersetzungen-riede.de\/#\/schema\/person\/48d0296c0333c7180367622cf36d1c74\"},\"potentialAction\":[{\"@type\":\"SearchAction\",\"target\":{\"@type\":\"EntryPoint\",\"urlTemplate\":\"https:\/\/uebersetzungen-riede.de\/?s={search_term_string}\"},\"query-input\":{\"@type\":\"PropertyValueSpecification\",\"valueRequired\":true,\"valueName\":\"search_term_string\"}}],\"inLanguage\":\"fr-FR\"},{\"@type\":[\"Person\",\"Organization\"],\"@id\":\"https:\/\/uebersetzungen-riede.de\/#\/schema\/person\/48d0296c0333c7180367622cf36d1c74\",\"name\":\"admin\",\"image\":{\"@type\":\"ImageObject\",\"inLanguage\":\"fr-FR\",\"@id\":\"https:\/\/uebersetzungen-riede.de\/#\/schema\/person\/image\/\",\"url\":\"https:\/\/neu.uebersetzungen-riede.de\/wp-content\/uploads\/2024\/01\/cropped-Favicon.png\",\"contentUrl\":\"https:\/\/neu.uebersetzungen-riede.de\/wp-content\/uploads\/2024\/01\/cropped-Favicon.png\",\"width\":512,\"height\":512,\"caption\":\"admin\"},\"logo\":{\"@id\":\"https:\/\/uebersetzungen-riede.de\/#\/schema\/person\/image\/\"},\"sameAs\":[\"https:\/\/neu.uebersetzungen-riede.de\"]}]}<\/script>\n<!-- \/ Yoast SEO plugin. -->","yoast_head_json":{"title":"Pourquoi faire appel \u00e0 un professionnel ? - \u00dcbersetzungen Riede","description":"Traduction professionnelle plut\u00f4t qu'un programme de traduction ! Confiez vos textes sp\u00e9cialis\u00e9s importants \u00e0 un professionnel : \u00dcbersetzungen Riede \u00e0 Erfurt.","robots":{"index":"index","follow":"follow","max-snippet":"max-snippet:-1","max-image-preview":"max-image-preview:large","max-video-preview":"max-video-preview:-1"},"canonical":"https:\/\/uebersetzungen-riede.de\/fr\/pourquoi-faire-appel-a-un-professionnel\/","og_locale":"fr_FR","og_type":"article","og_title":"Warum einen Profi? - \u00dcbersetzungen Riede","og_description":"Professionelle \u00dcbersetzung statt \u00dcbersetzungsprogramme! Vertrauen Sie f\u00fcr Ihre wichtigen Fachtexte einem Profi wie - \u00dcbersetzungen Riede.","og_url":"https:\/\/uebersetzungen-riede.de\/fr\/pourquoi-faire-appel-a-un-professionnel\/","og_site_name":"\u00dcbersetzungen Riede","article_modified_time":"2024-04-02T13:48:42+00:00","twitter_card":"summary_large_image","twitter_misc":{"Dur\u00e9e de lecture estim\u00e9e":"6 minutes"},"schema":{"@context":"https:\/\/schema.org","@graph":[{"@type":"WebPage","@id":"https:\/\/uebersetzungen-riede.de\/warum-einen-profi\/","url":"https:\/\/uebersetzungen-riede.de\/warum-einen-profi\/","name":"Pourquoi faire appel \u00e0 un professionnel ? - \u00dcbersetzungen Riede","isPartOf":{"@id":"https:\/\/uebersetzungen-riede.de\/#website"},"datePublished":"2023-12-18T09:30:45+00:00","dateModified":"2024-04-02T13:48:42+00:00","description":"Traduction professionnelle plut\u00f4t qu'un programme de traduction ! Confiez vos textes sp\u00e9cialis\u00e9s importants \u00e0 un professionnel : \u00dcbersetzungen Riede \u00e0 Erfurt.","breadcrumb":{"@id":"https:\/\/uebersetzungen-riede.de\/warum-einen-profi\/#breadcrumb"},"inLanguage":"fr-FR","potentialAction":[{"@type":"ReadAction","target":["https:\/\/uebersetzungen-riede.de\/warum-einen-profi\/"]}]},{"@type":"BreadcrumbList","@id":"https:\/\/uebersetzungen-riede.de\/warum-einen-profi\/#breadcrumb","itemListElement":[{"@type":"ListItem","position":1,"name":"Startseite","item":"https:\/\/uebersetzungen-riede.de\/"},{"@type":"ListItem","position":2,"name":"Warum einen Profi?"}]},{"@type":"WebSite","@id":"https:\/\/uebersetzungen-riede.de\/#website","url":"https:\/\/uebersetzungen-riede.de\/","name":"\u00dcbersetzungen Riede","description":"Fach\u00fcbersetzungen deutsch | franz\u00f6sisch | englisch","publisher":{"@id":"https:\/\/uebersetzungen-riede.de\/#\/schema\/person\/48d0296c0333c7180367622cf36d1c74"},"potentialAction":[{"@type":"SearchAction","target":{"@type":"EntryPoint","urlTemplate":"https:\/\/uebersetzungen-riede.de\/?s={search_term_string}"},"query-input":{"@type":"PropertyValueSpecification","valueRequired":true,"valueName":"search_term_string"}}],"inLanguage":"fr-FR"},{"@type":["Person","Organization"],"@id":"https:\/\/uebersetzungen-riede.de\/#\/schema\/person\/48d0296c0333c7180367622cf36d1c74","name":"admin","image":{"@type":"ImageObject","inLanguage":"fr-FR","@id":"https:\/\/uebersetzungen-riede.de\/#\/schema\/person\/image\/","url":"https:\/\/neu.uebersetzungen-riede.de\/wp-content\/uploads\/2024\/01\/cropped-Favicon.png","contentUrl":"https:\/\/neu.uebersetzungen-riede.de\/wp-content\/uploads\/2024\/01\/cropped-Favicon.png","width":512,"height":512,"caption":"admin"},"logo":{"@id":"https:\/\/uebersetzungen-riede.de\/#\/schema\/person\/image\/"},"sameAs":["https:\/\/neu.uebersetzungen-riede.de"]}]}},"_links":{"self":[{"href":"https:\/\/uebersetzungen-riede.de\/fr\/wp-json\/wp\/v2\/pages\/22","targetHints":{"allow":["GET"]}}],"collection":[{"href":"https:\/\/uebersetzungen-riede.de\/fr\/wp-json\/wp\/v2\/pages"}],"about":[{"href":"https:\/\/uebersetzungen-riede.de\/fr\/wp-json\/wp\/v2\/types\/page"}],"author":[{"embeddable":true,"href":"https:\/\/uebersetzungen-riede.de\/fr\/wp-json\/wp\/v2\/users\/1"}],"replies":[{"embeddable":true,"href":"https:\/\/uebersetzungen-riede.de\/fr\/wp-json\/wp\/v2\/comments?post=22"}],"version-history":[{"count":105,"href":"https:\/\/uebersetzungen-riede.de\/fr\/wp-json\/wp\/v2\/pages\/22\/revisions"}],"predecessor-version":[{"id":1270,"href":"https:\/\/uebersetzungen-riede.de\/fr\/wp-json\/wp\/v2\/pages\/22\/revisions\/1270"}],"wp:attachment":[{"href":"https:\/\/uebersetzungen-riede.de\/fr\/wp-json\/wp\/v2\/media?parent=22"}],"curies":[{"name":"wp","href":"https:\/\/api.w.org\/{rel}","templated":true}]}}