{"id":74,"date":"2023-12-18T12:15:12","date_gmt":"2023-12-18T12:15:12","guid":{"rendered":"https:\/\/neu.uebersetzungen-riede.de\/?page_id=74"},"modified":"2024-03-04T14:10:15","modified_gmt":"2024-03-04T14:10:15","slug":"preise","status":"publish","type":"page","link":"https:\/\/uebersetzungen-riede.de\/en\/prices\/","title":{"rendered":"Prices"},"content":{"rendered":"<p>[et_pb_section fb_built=&#8220;1&#8243; custom_padding_last_edited=&#8220;on|phone&#8220; _builder_version=&#8220;4.24.2&#8243; _module_preset=&#8220;default&#8220; use_background_color_gradient=&#8220;on&#8220; background_color_gradient_direction=&#8220;152deg&#8220; background_color_gradient_stops=&#8220;rgba(255,255,255,0.75) 0%|rgba(255,255,255,0.8) 55%&#8220; background_color_gradient_overlays_image=&#8220;on&#8220; background_image=&#8220;https:\/\/uebersetzungen-riede.de\/wp-content\/uploads\/2024\/01\/Header_Preise.jpg&#8220; background_size=&#8220;initial&#8220; height_tablet=&#8220;280px&#8220; height_phone=&#8220;200px&#8220; height_last_edited=&#8220;on|phone&#8220; custom_margin_tablet=&#8220;200px||||false|false&#8220; custom_margin_phone=&#8220;200px||||false|false&#8220; custom_margin_last_edited=&#8220;on|phone&#8220; custom_padding_tablet=&#8220;&#8220; custom_padding_phone=&#8220;40px||||false|false&#8220; background_last_edited=&#8220;on|desktop&#8220; background_enable_color_phone=&#8220;off&#8220; use_background_color_gradient_phone=&#8220;on&#8220; background_color_gradient_stops_phone=&#8220;rgba(255,255,255,0.77) 1%|rgba(255,255,255,0.56) 29%|rgba(255,255,255,0.83) 47%|rgba(255,255,255,0.91) 100%&#8220; background_image_tablet=&#8220;https:\/\/neu.uebersetzungen-riede.de\/wp-content\/uploads\/2024\/01\/Header_Preise.jpg&#8220; background_image_phone=&#8220;https:\/\/uebersetzungen-riede.de\/wp-content\/uploads\/2024\/01\/Header_Preise.jpg&#8220; background_enable_image_tablet=&#8220;on&#8220; background_enable_image_phone=&#8220;on&#8220; background_size_tablet=&#8220;cover&#8220; background_position_tablet=&#8220;top_right&#8220; background_horizontal_offset_tablet=&#8220;42%&#8220; global_colors_info=&#8220;{}&#8220;][et_pb_row _builder_version=&#8220;4.23.1&#8243; _module_preset=&#8220;default&#8220; global_colors_info=&#8220;{}&#8220;][et_pb_column type=&#8220;4_4&#8243; _builder_version=&#8220;4.23.1&#8243; _module_preset=&#8220;default&#8220; global_colors_info=&#8220;{}&#8220;][et_pb_text _builder_version=&#8220;4.23.4&#8243; _module_preset=&#8220;default&#8220; header_3_text_color=&#8220;#7B9E1B&#8220; header_4_font=&#8220;Quicksand_Medium|||on|||||&#8220; custom_margin=&#8220;||5px||false|false&#8220; custom_padding=&#8220;||||false|false&#8220; header_3_font_size_tablet=&#8220;&#8220; header_3_font_size_phone=&#8220;32px&#8220; header_3_font_size_last_edited=&#8220;on|phone&#8220; global_colors_info=&#8220;{}&#8220;]<\/p>\n<h3>Prices<\/h3>\n<p>[\/et_pb_text][et_pb_text _builder_version=&#8220;4.24.2&#8243; _module_preset=&#8220;default&#8220; header_3_text_color=&#8220;#7B9E1B&#8220; header_4_font=&#8220;QuicksandRegular|||on|||||&#8220; header_4_text_color=&#8220;#7B9E1B&#8220; hover_enabled=&#8220;0&#8243; header_4_font_size_tablet=&#8220;&#8220; header_4_font_size_phone=&#8220;25px&#8220; header_4_font_size_last_edited=&#8220;on|phone&#8220; global_colors_info=&#8220;{}&#8220; sticky_enabled=&#8220;0&#8243;]<\/p>\n<h4>\u00dcbersetzungen Riede<\/h4>\n<p>[\/et_pb_text][\/et_pb_column][\/et_pb_row][\/et_pb_section][et_pb_section fb_built=&#8220;1&#8243; _builder_version=&#8220;4.23.1&#8243; _module_preset=&#8220;default&#8220; background_enable_color=&#8220;off&#8220; background_image=&#8220;https:\/\/neu.uebersetzungen-riede.de\/wp-content\/uploads\/2023\/12\/nursing-home_23.png&#8220; background_size=&#8220;contain&#8220; background_position=&#8220;top_left&#8220; background_horizontal_offset=&#8220;-34%&#8220; global_colors_info=&#8220;{}&#8220;][et_pb_row _builder_version=&#8220;4.23.1&#8243; _module_preset=&#8220;default&#8220; global_colors_info=&#8220;{}&#8220;][et_pb_column type=&#8220;4_4&#8243; _builder_version=&#8220;4.23.1&#8243; _module_preset=&#8220;default&#8220; global_colors_info=&#8220;{}&#8220;][et_pb_text _builder_version=&#8220;4.23.1&#8243; _module_preset=&#8220;default&#8220; custom_margin=&#8220;||-5px||false|false&#8220; header_5_line_height_tablet=&#8220;&#8220; header_5_line_height_phone=&#8220;1.2em&#8220; header_5_line_height_last_edited=&#8220;on|phone&#8220; global_colors_info=&#8220;{}&#8220;]<\/p>\n<h5>How much does a translation cost?<\/h5>\n<p>[\/et_pb_text][\/et_pb_column][\/et_pb_row][et_pb_row _builder_version=&#8220;4.23.1&#8243; _module_preset=&#8220;default&#8220; global_colors_info=&#8220;{}&#8220;][et_pb_column type=&#8220;4_4&#8243; _builder_version=&#8220;4.23.1&#8243; _module_preset=&#8220;default&#8220; global_colors_info=&#8220;{}&#8220;][et_pb_text _builder_version=&#8220;4.23.1&#8243; _module_preset=&#8220;default&#8220; global_colors_info=&#8220;{}&#8220;]<\/p>\n<p>I\u2019ll change the question: How much is a translation worth? Or, in other words, how much damage would an unprofessional or incorrect translation cost you or your company? Inaccurate documentation, misleading descriptions or ambiguous instructions can cause major problems. Poor\/inaccurate translations can lead to claims for damages or recourse claims, and not just in the legal sector.<\/p>\n<p>[\/et_pb_text][\/et_pb_column][\/et_pb_row][\/et_pb_section][et_pb_section fb_built=&#8220;1&#8243; _builder_version=&#8220;4.24.2&#8243; _module_preset=&#8220;default&#8220; background_color=&#8220;rgba(227,227,227,0.26)&#8220; background_image=&#8220;https:\/\/uebersetzungen-riede.de\/wp-content\/uploads\/2024\/01\/Gruppe-4-1.png&#8220; background_size=&#8220;contain&#8220; background_position=&#8220;top_left&#8220; background_horizontal_offset=&#8220;85%&#8220; background_vertical_offset=&#8220;51%&#8220; background_last_edited=&#8220;on|tablet&#8220; background_enable_image_tablet=&#8220;off&#8220; global_colors_info=&#8220;{}&#8220;][et_pb_row _builder_version=&#8220;4.23.1&#8243; _module_preset=&#8220;default&#8220; global_colors_info=&#8220;{}&#8220;][et_pb_column type=&#8220;4_4&#8243; _builder_version=&#8220;4.23.1&#8243; _module_preset=&#8220;default&#8220; global_colors_info=&#8220;{}&#8220;][et_pb_text content_tablet=&#8220;<\/p>\n<p>Translation as an occupation is not legally protected in Germany and so anyone who can \u201cspeak English\u201d<br \/>or has done a brief course can offer their services as a translator. In contrast, my work is based on years of experience, long periods of studying and living abroad, continuous professional development and \nmeticulous, in-depth research. The foundation of my work comes from a comprehensive and deep understanding of the culture and mindset of people in French and English-speaking countries, my knowledge of special technical or structural features and my extensive familiarity with the languages involved.<\/p>\n<p>&#8220; content_phone=&#8220;Der Beruf des \u00dcbersetzers ist in Deutschland nicht gesch\u00fctzt und so bieten auch diejenigen ihre Dienste an, die \u201agerne Englisch sprechen\u2019 oder sich einem mehrw\u00f6chigen Kurs unterzogen haben. In meiner Arbeit stecken sowohl jahrelange Erfahrung, langj\u00e4hrige Studien mit Auslandsaufenthalten, kontinuierliche Fortbildung als auch akribische und ausf\u00fchrliche Recherche. Das umfassende und tiefgr\u00fcndige Verst\u00e4ndnis f\u00fcr die Kultur und Mentalit\u00e4t der Menschen in franz\u00f6sischsprachigen und englischsprachigen L\u00e4ndern, das Wissen um technische oder bauliche Besonderheiten sowie ein feines Sprachgef\u00fchl bilden die Basis meiner Arbeit.&#8220; content_last_edited=&#8220;on|phone&#8220; _builder_version=&#8220;4.23.4&#8243; _module_preset=&#8220;default&#8220; global_colors_info=&#8220;{}&#8220;]<\/p>\n<p>Translation as an occupation is not legally protected in Germany and so anyone who can \u201cspeak English\u201d<br \/>or has done a brief course can offer their services as a translator. In contrast, my work is based on years of experience, long periods of studying and living abroad, continuous professional development and \nmeticulous, in-depth research. The foundation of my work comes from a comprehensive and deep understanding of the culture and mindset of people in French and English-speaking countries, my knowledge of special technical or structural features and my extensive familiarity with the languages involved.<\/p>\n<p>[\/et_pb_text][\/et_pb_column][\/et_pb_row][\/et_pb_section][et_pb_section fb_built=&#8220;1&#8243; _builder_version=&#8220;4.23.1&#8243; _module_preset=&#8220;default&#8220; background_enable_color=&#8220;off&#8220; background_image=&#8220;https:\/\/neu.uebersetzungen-riede.de\/wp-content\/uploads\/2023\/12\/nursing-home_23.png&#8220; background_size=&#8220;contain&#8220; background_position=&#8220;top_left&#8220; background_horizontal_offset=&#8220;-34%&#8220; global_colors_info=&#8220;{}&#8220;][et_pb_row _builder_version=&#8220;4.23.1&#8243; _module_preset=&#8220;default&#8220; global_colors_info=&#8220;{}&#8220;][et_pb_column type=&#8220;4_4&#8243; _builder_version=&#8220;4.23.1&#8243; _module_preset=&#8220;default&#8220; global_colors_info=&#8220;{}&#8220;][et_pb_text content_tablet=&#8220;<\/p>\n<p class=\"translation-block\">Wenn Sie mich als Profi Ihre \u00dcbersetzungen anfertigen lassen, dann bin ich auf jeden Fall preiswert \u2013<br>im Sinne von \u201aich bin meinen Preis wert und Sie bekommen sehr viel f\u00fcr Ihr Geld\u2019.<\/p>\n<p>&#8220; content_phone=&#8220;<\/p>\n<p>If you choose me as the professional to do your translations, then I am relatively speaking inexpensive \u2013 in the sense of \u201cI am worth every penny, and you will get a lot for your money\u201d.<\/p>\n<p>&#8220; content_last_edited=&#8220;on|phone&#8220; _builder_version=&#8220;4.24.2&#8243; _module_preset=&#8220;default&#8220; global_colors_info=&#8220;{}&#8220;]<\/p>\n<p>If you choose me as the professional to do your translations, then I am relatively speaking inexpensive \u2013 in the sense of \u201cI am worth every penny, and you will get a lot for your money\u201d.<\/p>\n<p>[\/et_pb_text][et_pb_text content_tablet=&#8220;<\/p>\n<p>I am available at any time to provide a quote for your project and I look forward<br \/>to hearing from you by e-mail or telephone.<\/p>\n<p>&#8220; content_phone=&#8220;F\u00fcr eine Kalkulation Ihres Projekts stehe ich Ihnen gern zur Verf\u00fcgung und freue mich auf Ihre Kontaktaufnahme per E-Mail oder telefonisch.&#8220; content_last_edited=&#8220;on|phone&#8220; _builder_version=&#8220;4.24.2&#8243; _module_preset=&#8220;default&#8220; text_font=&#8220;QuicksandSemibold||||||||&#8220; text_text_color=&#8220;#7B9E1B&#8220; global_colors_info=&#8220;{}&#8220;]<\/p>\n<p>I am available at any time to provide a quote for your project and I look forward<br \/>to hearing from you by e-mail or telephone.<\/p>\n<p>[\/et_pb_text][et_pb_button button_url=&#8220;https:\/\/neu.uebersetzungen-riede.de\/kontakt\/&#8220; button_text=&#8220;Jetzt Kontakt aufnehmen&#8220; button_alignment=&#8220;left&#8220; _builder_version=&#8220;4.24.2&#8243; _module_preset=&#8220;default&#8220; custom_button=&#8220;on&#8220; button_text_size=&#8220;20px&#8220; button_letter_spacing=&#8220;0px&#8220; button_font=&#8220;QuicksandSemibold||||||||&#8220; button_icon=&#8220;&#x45;||divi||400&#8243; custom_margin=&#8220;||||false|false&#8220; custom_margin_tablet=&#8220;||||false|false&#8220; custom_margin_phone=&#8220;|||-5px|false|false&#8220; custom_margin_last_edited=&#8220;on|phone&#8220; custom_css_main_element=&#8220;width: 350px!important;||text-align: center;&#8220; global_colors_info=&#8220;{}&#8220; button_bg_color__hover_enabled=&#8220;on|hover&#8220; button_bg_color__hover=&#8220;#707070&#8243; button_bg_enable_color__hover=&#8220;on&#8220; custom_css_main_element_last_edited=&#8220;on|phone&#8220; custom_css_main_element_phone=&#8220;width: 300px!important;||text-align: center;&#8220; custom_css_main_element_tablet=&#8220;width: 350px!important;||text-align: center;&#8220;][\/et_pb_button][\/et_pb_column][\/et_pb_row][\/et_pb_section]<\/p>","protected":false},"excerpt":{"rendered":"<p>Preise\u00dcbersetzungen RiedeWas kostet eine \u00dcbersetzung?Ich frage anders: Was ist eine \u00dcbersetzung wert? Beziehungsweise, welcher Schaden kann durch eine unprofessionelle oder falsche \u00dcbersetzung Ihnen und Ihrem Unternehmen entstehen? Falsche Dokumentationen, irref\u00fchrende Bezeichnungen oder missverst\u00e4ndliche Anweisungen k\u00f6nnen gro\u00dfe Probleme mit sich bringen. Und nicht nur im juristischen Bereich k\u00f6nnen unsaubere \u00dcbersetzungen zu Schadenersatzklagen oder Regressanspr\u00fcchen f\u00fchren.Der Beruf [&hellip;]<\/p>","protected":false},"author":1,"featured_media":0,"parent":0,"menu_order":0,"comment_status":"closed","ping_status":"closed","template":"","meta":{"_et_pb_use_builder":"on","_et_pb_old_content":"<!-- wp:divi\/placeholder \/-->","_et_gb_content_width":"","footnotes":""},"class_list":["post-74","page","type-page","status-publish","hentry"],"yoast_head":"<!-- This site is optimized with the Yoast SEO plugin v26.5 - https:\/\/yoast.com\/wordpress\/plugins\/seo\/ -->\n<title>Preise &#8211; \u00dcbersetzungen Riede<\/title>\n<meta name=\"description\" content=\"Was kostet eine \u00dcbersetzung? F\u00fcr eine Kalkulation Ihres Projekts stehe ich Ihnen gerne zur Verf\u00fcgung. \u260e +49 (0) 36256 32813.\" \/>\n<meta name=\"robots\" content=\"index, follow, max-snippet:-1, max-image-preview:large, max-video-preview:-1\" \/>\n<link rel=\"canonical\" href=\"https:\/\/uebersetzungen-riede.de\/en\/prices\/\" \/>\n<meta property=\"og:locale\" content=\"en_GB\" \/>\n<meta property=\"og:type\" content=\"article\" \/>\n<meta property=\"og:title\" content=\"Preise &#8211; \u00dcbersetzungen Riede\" \/>\n<meta property=\"og:description\" content=\"Was kostet eine \u00dcbersetzung? F\u00fcr eine Kalkulation Ihres Projekts stehe ich Ihnen gerne zur Verf\u00fcgung. \u260e +49 (0) 36256 32813.\" \/>\n<meta property=\"og:url\" content=\"https:\/\/uebersetzungen-riede.de\/en\/prices\/\" \/>\n<meta property=\"og:site_name\" content=\"\u00dcbersetzungen Riede\" \/>\n<meta property=\"article:modified_time\" content=\"2024-03-04T14:10:15+00:00\" \/>\n<meta name=\"twitter:card\" content=\"summary_large_image\" \/>\n<meta name=\"twitter:label1\" content=\"Estimated reading time\" \/>\n\t<meta name=\"twitter:data1\" content=\"3 minutes\" \/>\n<script type=\"application\/ld+json\" class=\"yoast-schema-graph\">{\"@context\":\"https:\/\/schema.org\",\"@graph\":[{\"@type\":\"WebPage\",\"@id\":\"https:\/\/uebersetzungen-riede.de\/preise\/\",\"url\":\"https:\/\/uebersetzungen-riede.de\/preise\/\",\"name\":\"Preise &#8211; \u00dcbersetzungen Riede\",\"isPartOf\":{\"@id\":\"https:\/\/uebersetzungen-riede.de\/#website\"},\"datePublished\":\"2023-12-18T12:15:12+00:00\",\"dateModified\":\"2024-03-04T14:10:15+00:00\",\"description\":\"Was kostet eine \u00dcbersetzung? F\u00fcr eine Kalkulation Ihres Projekts stehe ich Ihnen gerne zur Verf\u00fcgung. \u260e +49 (0) 36256 32813.\",\"breadcrumb\":{\"@id\":\"https:\/\/uebersetzungen-riede.de\/preise\/#breadcrumb\"},\"inLanguage\":\"en-GB\",\"potentialAction\":[{\"@type\":\"ReadAction\",\"target\":[\"https:\/\/uebersetzungen-riede.de\/preise\/\"]}]},{\"@type\":\"BreadcrumbList\",\"@id\":\"https:\/\/uebersetzungen-riede.de\/preise\/#breadcrumb\",\"itemListElement\":[{\"@type\":\"ListItem\",\"position\":1,\"name\":\"Startseite\",\"item\":\"https:\/\/uebersetzungen-riede.de\/\"},{\"@type\":\"ListItem\",\"position\":2,\"name\":\"Preise\"}]},{\"@type\":\"WebSite\",\"@id\":\"https:\/\/uebersetzungen-riede.de\/#website\",\"url\":\"https:\/\/uebersetzungen-riede.de\/\",\"name\":\"\u00dcbersetzungen Riede\",\"description\":\"Fach\u00fcbersetzungen deutsch | franz\u00f6sisch | englisch\",\"publisher\":{\"@id\":\"https:\/\/uebersetzungen-riede.de\/#\/schema\/person\/48d0296c0333c7180367622cf36d1c74\"},\"potentialAction\":[{\"@type\":\"SearchAction\",\"target\":{\"@type\":\"EntryPoint\",\"urlTemplate\":\"https:\/\/uebersetzungen-riede.de\/?s={search_term_string}\"},\"query-input\":{\"@type\":\"PropertyValueSpecification\",\"valueRequired\":true,\"valueName\":\"search_term_string\"}}],\"inLanguage\":\"en-GB\"},{\"@type\":[\"Person\",\"Organization\"],\"@id\":\"https:\/\/uebersetzungen-riede.de\/#\/schema\/person\/48d0296c0333c7180367622cf36d1c74\",\"name\":\"admin\",\"image\":{\"@type\":\"ImageObject\",\"inLanguage\":\"en-GB\",\"@id\":\"https:\/\/uebersetzungen-riede.de\/#\/schema\/person\/image\/\",\"url\":\"https:\/\/neu.uebersetzungen-riede.de\/wp-content\/uploads\/2024\/01\/cropped-Favicon.png\",\"contentUrl\":\"https:\/\/neu.uebersetzungen-riede.de\/wp-content\/uploads\/2024\/01\/cropped-Favicon.png\",\"width\":512,\"height\":512,\"caption\":\"admin\"},\"logo\":{\"@id\":\"https:\/\/uebersetzungen-riede.de\/#\/schema\/person\/image\/\"},\"sameAs\":[\"https:\/\/neu.uebersetzungen-riede.de\"]}]}<\/script>\n<!-- \/ Yoast SEO plugin. -->","yoast_head_json":{"title":"Preise &#8211; \u00dcbersetzungen Riede","description":"How much is a translation? I would be delighted to provide you with a quote for your project. \u260e +49 (0) 36256 32813","robots":{"index":"index","follow":"follow","max-snippet":"max-snippet:-1","max-image-preview":"max-image-preview:large","max-video-preview":"max-video-preview:-1"},"canonical":"https:\/\/uebersetzungen-riede.de\/en\/prices\/","og_locale":"en_GB","og_type":"article","og_title":"Preise &#8211; \u00dcbersetzungen Riede","og_description":"Was kostet eine \u00dcbersetzung? F\u00fcr eine Kalkulation Ihres Projekts stehe ich Ihnen gerne zur Verf\u00fcgung. \u260e +49 (0) 36256 32813.","og_url":"https:\/\/uebersetzungen-riede.de\/en\/prices\/","og_site_name":"\u00dcbersetzungen Riede","article_modified_time":"2024-03-04T14:10:15+00:00","twitter_card":"summary_large_image","twitter_misc":{"Estimated reading time":"3 minutes"},"schema":{"@context":"https:\/\/schema.org","@graph":[{"@type":"WebPage","@id":"https:\/\/uebersetzungen-riede.de\/preise\/","url":"https:\/\/uebersetzungen-riede.de\/preise\/","name":"Preise &#8211; \u00dcbersetzungen Riede","isPartOf":{"@id":"https:\/\/uebersetzungen-riede.de\/#website"},"datePublished":"2023-12-18T12:15:12+00:00","dateModified":"2024-03-04T14:10:15+00:00","description":"How much is a translation? I would be delighted to provide you with a quote for your project. \u260e +49 (0) 36256 32813","breadcrumb":{"@id":"https:\/\/uebersetzungen-riede.de\/preise\/#breadcrumb"},"inLanguage":"en-GB","potentialAction":[{"@type":"ReadAction","target":["https:\/\/uebersetzungen-riede.de\/preise\/"]}]},{"@type":"BreadcrumbList","@id":"https:\/\/uebersetzungen-riede.de\/preise\/#breadcrumb","itemListElement":[{"@type":"ListItem","position":1,"name":"Startseite","item":"https:\/\/uebersetzungen-riede.de\/"},{"@type":"ListItem","position":2,"name":"Preise"}]},{"@type":"WebSite","@id":"https:\/\/uebersetzungen-riede.de\/#website","url":"https:\/\/uebersetzungen-riede.de\/","name":"\u00dcbersetzungen Riede","description":"Fach\u00fcbersetzungen deutsch | franz\u00f6sisch | englisch","publisher":{"@id":"https:\/\/uebersetzungen-riede.de\/#\/schema\/person\/48d0296c0333c7180367622cf36d1c74"},"potentialAction":[{"@type":"SearchAction","target":{"@type":"EntryPoint","urlTemplate":"https:\/\/uebersetzungen-riede.de\/?s={search_term_string}"},"query-input":{"@type":"PropertyValueSpecification","valueRequired":true,"valueName":"search_term_string"}}],"inLanguage":"en-GB"},{"@type":["Person","Organization"],"@id":"https:\/\/uebersetzungen-riede.de\/#\/schema\/person\/48d0296c0333c7180367622cf36d1c74","name":"admin","image":{"@type":"ImageObject","inLanguage":"en-GB","@id":"https:\/\/uebersetzungen-riede.de\/#\/schema\/person\/image\/","url":"https:\/\/neu.uebersetzungen-riede.de\/wp-content\/uploads\/2024\/01\/cropped-Favicon.png","contentUrl":"https:\/\/neu.uebersetzungen-riede.de\/wp-content\/uploads\/2024\/01\/cropped-Favicon.png","width":512,"height":512,"caption":"admin"},"logo":{"@id":"https:\/\/uebersetzungen-riede.de\/#\/schema\/person\/image\/"},"sameAs":["https:\/\/neu.uebersetzungen-riede.de"]}]}},"_links":{"self":[{"href":"https:\/\/uebersetzungen-riede.de\/en\/wp-json\/wp\/v2\/pages\/74","targetHints":{"allow":["GET"]}}],"collection":[{"href":"https:\/\/uebersetzungen-riede.de\/en\/wp-json\/wp\/v2\/pages"}],"about":[{"href":"https:\/\/uebersetzungen-riede.de\/en\/wp-json\/wp\/v2\/types\/page"}],"author":[{"embeddable":true,"href":"https:\/\/uebersetzungen-riede.de\/en\/wp-json\/wp\/v2\/users\/1"}],"replies":[{"embeddable":true,"href":"https:\/\/uebersetzungen-riede.de\/en\/wp-json\/wp\/v2\/comments?post=74"}],"version-history":[{"count":40,"href":"https:\/\/uebersetzungen-riede.de\/en\/wp-json\/wp\/v2\/pages\/74\/revisions"}],"predecessor-version":[{"id":1250,"href":"https:\/\/uebersetzungen-riede.de\/en\/wp-json\/wp\/v2\/pages\/74\/revisions\/1250"}],"wp:attachment":[{"href":"https:\/\/uebersetzungen-riede.de\/en\/wp-json\/wp\/v2\/media?parent=74"}],"curies":[{"name":"wp","href":"https:\/\/api.w.org\/{rel}","templated":true}]}}