{"id":26,"date":"2023-12-18T09:31:23","date_gmt":"2023-12-18T09:31:23","guid":{"rendered":"https:\/\/neu.uebersetzungen-riede.de\/?page_id=26"},"modified":"2024-03-04T14:10:53","modified_gmt":"2024-03-04T14:10:53","slug":"kontakt","status":"publish","type":"page","link":"https:\/\/uebersetzungen-riede.de\/en\/contact\/","title":{"rendered":"Contact"},"content":{"rendered":"<p>[et_pb_section fb_built=&#8220;1&#8243; custom_padding_last_edited=&#8220;on|phone&#8220; _builder_version=&#8220;4.24.2&#8243; _module_preset=&#8220;default&#8220; use_background_color_gradient=&#8220;on&#8220; background_color_gradient_direction=&#8220;152deg&#8220; background_color_gradient_stops=&#8220;rgba(255,255,255,0.89) 1%|rgba(255,255,255,0.8) 59%&#8220; background_color_gradient_overlays_image=&#8220;on&#8220; background_image=&#8220;https:\/\/uebersetzungen-riede.de\/wp-content\/uploads\/2024\/01\/maps2-1.jpg&#8220; background_size=&#8220;initial&#8220; height_tablet=&#8220;280px&#8220; height_phone=&#8220;200px&#8220; height_last_edited=&#8220;on|phone&#8220; custom_margin_tablet=&#8220;200px||||false|false&#8220; custom_margin_phone=&#8220;200px||||false|false&#8220; custom_margin_last_edited=&#8220;on|phone&#8220; custom_padding_tablet=&#8220;&#8220; custom_padding_phone=&#8220;40px||||false|false&#8220; background_last_edited=&#8220;on|phone&#8220; background_enable_color_phone=&#8220;off&#8220; use_background_color_gradient_phone=&#8220;on&#8220; background_color_gradient_direction_phone=&#8220;155deg&#8220; background_color_gradient_stops_phone=&#8220;rgba(255,255,255,0.87) 0%|rgba(255,255,255,0.87) 29%|rgba(255,255,255,0.83) 64%|rgba(255,255,255,0.63) 100%&#8220; background_image_tablet=&#8220;https:\/\/neu.uebersetzungen-riede.de\/wp-content\/uploads\/2024\/01\/maps2-1.jpg&#8220; background_image_phone=&#8220;https:\/\/uebersetzungen-riede.de\/wp-content\/uploads\/2024\/01\/maps2-1.jpg&#8220; background_enable_image_tablet=&#8220;on&#8220; background_enable_image_phone=&#8220;on&#8220; background_size_tablet=&#8220;cover&#8220; background_position_tablet=&#8220;top_right&#8220; background_horizontal_offset_tablet=&#8220;42%&#8220; global_colors_info=&#8220;{}&#8220;][et_pb_row _builder_version=&#8220;4.23.1&#8243; _module_preset=&#8220;default&#8220; global_colors_info=&#8220;{}&#8220;][et_pb_column type=&#8220;4_4&#8243; _builder_version=&#8220;4.23.1&#8243; _module_preset=&#8220;default&#8220; global_colors_info=&#8220;{}&#8220;][et_pb_text _builder_version=&#8220;4.24.0&#8243; _module_preset=&#8220;default&#8220; header_3_text_color=&#8220;#7B9E1B&#8220; header_4_font=&#8220;Quicksand_Medium|||on|||||&#8220; custom_margin=&#8220;||5px||false|false&#8220; custom_padding=&#8220;||||false|false&#8220; header_3_font_size_tablet=&#8220;&#8220; header_3_font_size_phone=&#8220;32px&#8220; header_3_font_size_last_edited=&#8220;on|phone&#8220; global_colors_info=&#8220;{}&#8220;]<\/p>\n<h3>Contact<\/h3>\n<p>[\/et_pb_text][et_pb_text _builder_version=&#8220;4.24.2&#8243; _module_preset=&#8220;default&#8220; header_3_text_color=&#8220;#7B9E1B&#8220; header_4_font=&#8220;QuicksandRegular|||on|||||&#8220; header_4_text_color=&#8220;#7B9E1B&#8220; hover_enabled=&#8220;0&#8243; header_4_font_size_tablet=&#8220;&#8220; header_4_font_size_phone=&#8220;25px&#8220; header_4_font_size_last_edited=&#8220;on|phone&#8220; global_colors_info=&#8220;{}&#8220; sticky_enabled=&#8220;0&#8243;]<\/p>\n<h4>\u00dcbersetzungen Riede<\/h4>\n<p>[\/et_pb_text][\/et_pb_column][\/et_pb_row][\/et_pb_section][et_pb_section fb_built=&#8220;1&#8243; _builder_version=&#8220;4.23.1&#8243; _module_preset=&#8220;default&#8220; background_enable_color=&#8220;off&#8220; background_enable_image=&#8220;off&#8220; background_size=&#8220;initial&#8220; background_position=&#8220;bottom_left&#8220; background_horizontal_offset=&#8220;18%&#8220; background_vertical_offset=&#8220;17%&#8220; background_blend=&#8220;soft-light&#8220; global_colors_info=&#8220;{}&#8220;][et_pb_row column_structure=&#8220;3_5,2_5&#8243; make_equal=&#8220;on&#8220; _builder_version=&#8220;4.24.2&#8243; _module_preset=&#8220;default&#8220; global_colors_info=&#8220;{}&#8220;][et_pb_column type=&#8220;3_5&#8243; _builder_version=&#8220;4.23.1&#8243; _module_preset=&#8220;default&#8220; global_colors_info=&#8220;{}&#8220;][et_pb_text _builder_version=&#8220;4.24.2&#8243; _module_preset=&#8220;default&#8220; text_font=&#8220;Tahoma|700|||||||&#8220; text_text_color=&#8220;#3E1B9F&#8220; text_font_size=&#8220;23px&#8220; header_5_text_color=&#8220;#3E1B9F&#8220; header_5_font_size=&#8220;25px&#8220; custom_margin=&#8220;||5px||false|false&#8220; global_colors_info=&#8220;{}&#8220;]<\/p>\n<p>Do you have an interesting job for me?<\/p>\n<p>[\/et_pb_text][et_pb_text _builder_version=&#8220;4.24.2&#8243; _module_preset=&#8220;default&#8220; text_font=&#8220;TahomaRegular||||||||&#8220; text_text_color=&#8220;#3E1B9F&#8220; text_font_size=&#8220;23px&#8220; header_5_text_color=&#8220;#3E1B9F&#8220; header_5_font_size=&#8220;25px&#8220; global_colors_info=&#8220;{}&#8220;]<\/p>\n<p>Tell me about your project!<\/p>\n<p>[\/et_pb_text][et_pb_contact_form email=&#8220;info@uebersetzungen-riede.de&#8220; custom_message=&#8220;Name: %%name%%||et_pb_line_break_holder||E-Mail: %%email%%||et_pb_line_break_holder||Nachricht: %%message%%&#8220; success_message=&#8220;Vielen Dank f\u00fcr Ihre Anfrage.&#8220; submit_button_text=&#8220;Senden&#8220; admin_label=&#8220;Contact Form&#8220; _builder_version=&#8220;4.24.2&#8243; _module_preset=&#8220;default&#8220; _unique_id=&#8220;cdd0f729-a34d-43b7-8d57-be7bbc7a178a&#8220; title_font=&#8220;QuicksandMedium||||||||&#8220; title_font_size=&#8220;26px&#8220; captcha_font=&#8220;QuicksandMedium||||||||&#8220; form_field_font=&#8220;Quicksand||||||||&#8220; form_field_font_size=&#8220;16px&#8220; background_enable_color=&#8220;off&#8220; custom_button=&#8220;on&#8220; button_text_size=&#8220;20px&#8220; button_text_color=&#8220;#3E1B9F&#8220; button_bg_color=&#8220;#FFFFFF&#8220; button_font=&#8220;QuicksandSemibold||||||||&#8220; button_icon=&#8220;&#x35;||divi||400&#8243; button_icon_color=&#8220;#3E1B9F&#8220; positioning=&#8220;relative&#8220; position_origin_a=&#8220;center_center&#8220; position_origin_f=&#8220;bottom_center&#8220; vertical_offset=&#8220;0px&#8220; z_index=&#8220;-1&#8243; width=&#8220;100%&#8220; custom_padding=&#8220;|1px||||&#8220; global_colors_info=&#8220;{}&#8220; button_text_color__hover_enabled=&#8220;on|hover&#8220; button_text_color__hover=&#8220;#FFFFFF&#8220; button_bg_color__hover_enabled=&#8220;on|desktop&#8220; button_bg_color__hover=&#8220;#3E1B9F&#8220; button_bg_enable_color__hover=&#8220;on&#8220; button_icon_color__hover_enabled=&#8220;on|hover&#8220; button_icon_color__hover=&#8220;#FFFFFF&#8220;][et_pb_contact_field field_id=&#8220;Name&#8220; field_title=&#8220;Name*&#8220; _builder_version=&#8220;4.24.2&#8243; form_field_font=&#8220;QuicksandMedium||||||||&#8220; global_colors_info=&#8220;{}&#8220; button_text_size__hover_enabled=&#8220;off&#8220; button_one_text_size__hover_enabled=&#8220;off&#8220; button_two_text_size__hover_enabled=&#8220;off&#8220; button_text_color__hover_enabled=&#8220;off&#8220; button_one_text_color__hover_enabled=&#8220;off&#8220; button_two_text_color__hover_enabled=&#8220;off&#8220; button_border_width__hover_enabled=&#8220;off&#8220; button_one_border_width__hover_enabled=&#8220;off&#8220; button_two_border_width__hover_enabled=&#8220;off&#8220; button_border_color__hover_enabled=&#8220;off&#8220; button_one_border_color__hover_enabled=&#8220;off&#8220; button_two_border_color__hover_enabled=&#8220;off&#8220; button_border_radius__hover_enabled=&#8220;off&#8220; button_one_border_radius__hover_enabled=&#8220;off&#8220; button_two_border_radius__hover_enabled=&#8220;off&#8220; button_letter_spacing__hover_enabled=&#8220;off&#8220; button_one_letter_spacing__hover_enabled=&#8220;off&#8220; button_two_letter_spacing__hover_enabled=&#8220;off&#8220; button_bg_color__hover_enabled=&#8220;off&#8220; button_one_bg_color__hover_enabled=&#8220;off&#8220; button_two_bg_color__hover_enabled=&#8220;off&#8220;][\/et_pb_contact_field][et_pb_contact_field field_id=&#8220;Email&#8220; field_title=&#8220;E-Mail-Adresse*&#8220; field_type=&#8220;email&#8220; _builder_version=&#8220;4.24.2&#8243; form_field_font=&#8220;QuicksandMedium||||||||&#8220; global_colors_info=&#8220;{}&#8220; button_text_size__hover_enabled=&#8220;off&#8220; button_one_text_size__hover_enabled=&#8220;off&#8220; button_two_text_size__hover_enabled=&#8220;off&#8220; button_text_color__hover_enabled=&#8220;off&#8220; button_one_text_color__hover_enabled=&#8220;off&#8220; button_two_text_color__hover_enabled=&#8220;off&#8220; button_border_width__hover_enabled=&#8220;off&#8220; button_one_border_width__hover_enabled=&#8220;off&#8220; button_two_border_width__hover_enabled=&#8220;off&#8220; button_border_color__hover_enabled=&#8220;off&#8220; button_one_border_color__hover_enabled=&#8220;off&#8220; button_two_border_color__hover_enabled=&#8220;off&#8220; button_border_radius__hover_enabled=&#8220;off&#8220; button_one_border_radius__hover_enabled=&#8220;off&#8220; button_two_border_radius__hover_enabled=&#8220;off&#8220; button_letter_spacing__hover_enabled=&#8220;off&#8220; button_one_letter_spacing__hover_enabled=&#8220;off&#8220; button_two_letter_spacing__hover_enabled=&#8220;off&#8220; button_bg_color__hover_enabled=&#8220;off&#8220; button_one_bg_color__hover_enabled=&#8220;off&#8220; button_two_bg_color__hover_enabled=&#8220;off&#8220;][\/et_pb_contact_field][et_pb_contact_field field_id=&#8220;Message&#8220; field_title=&#8220;Nachricht*&#8220; field_type=&#8220;text&#8220; fullwidth_field=&#8220;on&#8220; _builder_version=&#8220;4.24.2&#8243; form_field_font=&#8220;QuicksandMedium||||||||&#8220; global_colors_info=&#8220;{}&#8220; button_text_size__hover_enabled=&#8220;off&#8220; button_one_text_size__hover_enabled=&#8220;off&#8220; button_two_text_size__hover_enabled=&#8220;off&#8220; button_text_color__hover_enabled=&#8220;off&#8220; button_one_text_color__hover_enabled=&#8220;off&#8220; button_two_text_color__hover_enabled=&#8220;off&#8220; button_border_width__hover_enabled=&#8220;off&#8220; button_one_border_width__hover_enabled=&#8220;off&#8220; button_two_border_width__hover_enabled=&#8220;off&#8220; button_border_color__hover_enabled=&#8220;off&#8220; button_one_border_color__hover_enabled=&#8220;off&#8220; button_two_border_color__hover_enabled=&#8220;off&#8220; button_border_radius__hover_enabled=&#8220;off&#8220; button_one_border_radius__hover_enabled=&#8220;off&#8220; button_two_border_radius__hover_enabled=&#8220;off&#8220; button_letter_spacing__hover_enabled=&#8220;off&#8220; button_one_letter_spacing__hover_enabled=&#8220;off&#8220; button_two_letter_spacing__hover_enabled=&#8220;off&#8220; button_bg_color__hover_enabled=&#8220;off&#8220; button_one_bg_color__hover_enabled=&#8220;off&#8220; button_two_bg_color__hover_enabled=&#8220;off&#8220;][\/et_pb_contact_field][et_pb_contact_field field_id=&#8220;Datenschutz&#8220; field_title=&#8220;Datenschutzbestimmung&#8220; field_type=&#8220;checkbox&#8220; checkbox_options=&#8220;%91{%22value%22:%22Ich akzeptiere die folgende Datenschutzerkl\u00e4rung.%22,%22checked%22:0,%22dragID%22:-1,%22link_url%22:%22https:\/\/neu.uebersetzungen-riede.de\/datenschutz\/%22}%93&#8243; fullwidth_field=&#8220;on&#8220; _builder_version=&#8220;4.24.2&#8243; _module_preset=&#8220;default&#8220; form_field_font=&#8220;QuicksandMedium||||||||&#8220; form_field_font_size=&#8220;16px&#8220; global_colors_info=&#8220;{}&#8220;][\/et_pb_contact_field][\/et_pb_contact_form][\/et_pb_column][et_pb_column type=&#8220;2_5&#8243; module_class=&#8220;vertikal-zentrieren&#8220; _builder_version=&#8220;4.23.1&#8243; _module_preset=&#8220;default&#8220; global_colors_info=&#8220;{}&#8220;][et_pb_blurb use_icon=&#8220;on&#8220; font_icon=&#8220;&#xe074;||divi||400&#8243; icon_color=&#8220;#3E1B9F&#8220; image_icon_background_color=&#8220;RGBA(255,255,255,0)&#8220; icon_placement=&#8220;left&#8220; image_icon_width=&#8220;25px&#8220; _builder_version=&#8220;4.24.2&#8243; _module_preset=&#8220;default&#8220; body_font=&#8220;QuicksandMedium||||||||&#8220; body_text_color=&#8220;#0A0002&#8243; body_font_size=&#8220;18px&#8220; body_line_height=&#8220;28px&#8220; custom_margin_tablet=&#8220;&#8220; custom_margin_phone=&#8220;45px||||false|false&#8220; custom_margin_last_edited=&#8220;on|phone&#8220; global_colors_info=&#8220;{}&#8220;]<\/p>\n<p>Daniela Berger-Riede<br \/>OT Wechmar<br \/>Lange Stra\u00dfe 32<br \/>99869 Drei Gleichen<\/p>\n<p>[\/et_pb_blurb][et_pb_blurb use_icon=&#8220;on&#8220; font_icon=&#8220;&#xf879;||fa||900&#8243; icon_color=&#8220;#3E1B9F&#8220; image_icon_background_color=&#8220;RGBA(255,255,255,0)&#8220; icon_placement=&#8220;left&#8220; image_icon_width=&#8220;25px&#8220; _builder_version=&#8220;4.24.2&#8243; _module_preset=&#8220;default&#8220; body_font=&#8220;QuicksandMedium||||||||&#8220; body_text_color=&#8220;#0A0002&#8243; body_font_size=&#8220;18px&#8220; body_line_height=&#8220;28px&#8220; body_link_font=&#8220;QuicksandMedium||||||||&#8220; body_link_text_color=&#8220;#0A0002&#8243; global_colors_info=&#8220;{}&#8220; body_link_text_color__hover_enabled=&#8220;on|hover&#8220; body_link_text_color__hover=&#8220;#3E1B9F&#8220;]<\/p>\n<p><a href=\"tel:03625632813\">+49 (0) 36256 32813<\/a><br \/><a href=\"tel:01721879540\">+49 (0) 172 1879540<\/a><\/p>\n<p>[\/et_pb_blurb][et_pb_blurb use_icon=&#8220;on&#8220; font_icon=&#8220;&#xf0e0;||fa||900&#8243; icon_color=&#8220;#3E1B9F&#8220; image_icon_background_color=&#8220;RGBA(255,255,255,0)&#8220; icon_placement=&#8220;left&#8220; image_icon_width=&#8220;25px&#8220; _builder_version=&#8220;4.24.2&#8243; _module_preset=&#8220;default&#8220; body_font=&#8220;QuicksandMedium||||||||&#8220; body_text_color=&#8220;#0A0002&#8243; body_font_size=&#8220;18px&#8220; body_line_height=&#8220;28px&#8220; body_link_font=&#8220;QuicksandMedium||||||||&#8220; body_link_text_color=&#8220;#0A0002&#8243; body_link_font_size=&#8220;18px&#8220; custom_css_main_element=&#8220;width: 400px!important;&#8220; global_colors_info=&#8220;{}&#8220; body_text_color__hover_enabled=&#8220;off|desktop&#8220; icon_color__hover_enabled=&#8220;off|hover&#8220; icon_color__hover=&#8220;#3E1B9F&#8220; body_text_color__hover=&#8220;#3E1B9F&#8220; body_link_text_color__hover_enabled=&#8220;on|hover&#8220; body_link_text_color__hover=&#8220;#3E1B9F&#8220;]<\/p>\n<p><a href=\"mailto:info@uebersetzungen-riede.de\">info@uebersetzungen-riede.de<\/a><\/p>\n<p>[\/et_pb_blurb][\/et_pb_column][\/et_pb_row][\/et_pb_section]<\/p>","protected":false},"excerpt":{"rendered":"<p>Kontakt\u00dcbersetzungen RiedeSie haben einen interessanten Auftrag f\u00fcr mich?Erz\u00e4hlen Sie mir von Ihrem Projekt!Daniela Berger-RiedeOT WechmarLange Stra\u00dfe 3299869 Drei Gleichen+49 (0) 36256 32813+49 (0) 172 1879540info@uebersetzungen-riede.de<\/p>","protected":false},"author":1,"featured_media":0,"parent":0,"menu_order":0,"comment_status":"closed","ping_status":"closed","template":"","meta":{"_et_pb_use_builder":"on","_et_pb_old_content":"","_et_gb_content_width":"","footnotes":""},"class_list":["post-26","page","type-page","status-publish","hentry"],"yoast_head":"<!-- This site is optimized with the Yoast SEO plugin v26.5 - https:\/\/yoast.com\/wordpress\/plugins\/seo\/ -->\n<title>Kontakt &#8211; \u00dcbersetzungen Riede<\/title>\n<meta name=\"robots\" content=\"index, follow, max-snippet:-1, max-image-preview:large, max-video-preview:-1\" \/>\n<link rel=\"canonical\" href=\"https:\/\/uebersetzungen-riede.de\/en\/contact\/\" \/>\n<meta property=\"og:locale\" content=\"en_GB\" \/>\n<meta property=\"og:type\" content=\"article\" \/>\n<meta property=\"og:title\" content=\"Kontakt &#8211; \u00dcbersetzungen Riede\" \/>\n<meta property=\"og:description\" content=\"Kontakt\u00dcbersetzungen RiedeSie haben einen interessanten Auftrag f\u00fcr mich?Erz\u00e4hlen Sie mir von Ihrem Projekt!Daniela Berger-RiedeOT WechmarLange Stra\u00dfe 3299869 Drei Gleichen+49 (0) 36256 32813+49 (0) 172 1879540info@uebersetzungen-riede.de\" \/>\n<meta property=\"og:url\" content=\"https:\/\/uebersetzungen-riede.de\/en\/contact\/\" \/>\n<meta property=\"og:site_name\" content=\"\u00dcbersetzungen Riede\" \/>\n<meta property=\"article:modified_time\" content=\"2024-03-04T14:10:53+00:00\" \/>\n<meta name=\"twitter:card\" content=\"summary_large_image\" \/>\n<meta name=\"twitter:label1\" content=\"Estimated reading time\" \/>\n\t<meta name=\"twitter:data1\" content=\"1 minute\" \/>\n<script type=\"application\/ld+json\" class=\"yoast-schema-graph\">{\"@context\":\"https:\/\/schema.org\",\"@graph\":[{\"@type\":\"WebPage\",\"@id\":\"https:\/\/uebersetzungen-riede.de\/kontakt\/\",\"url\":\"https:\/\/uebersetzungen-riede.de\/kontakt\/\",\"name\":\"Kontakt &#8211; \u00dcbersetzungen Riede\",\"isPartOf\":{\"@id\":\"https:\/\/uebersetzungen-riede.de\/#website\"},\"datePublished\":\"2023-12-18T09:31:23+00:00\",\"dateModified\":\"2024-03-04T14:10:53+00:00\",\"breadcrumb\":{\"@id\":\"https:\/\/uebersetzungen-riede.de\/kontakt\/#breadcrumb\"},\"inLanguage\":\"en-GB\",\"potentialAction\":[{\"@type\":\"ReadAction\",\"target\":[\"https:\/\/uebersetzungen-riede.de\/kontakt\/\"]}]},{\"@type\":\"BreadcrumbList\",\"@id\":\"https:\/\/uebersetzungen-riede.de\/kontakt\/#breadcrumb\",\"itemListElement\":[{\"@type\":\"ListItem\",\"position\":1,\"name\":\"Startseite\",\"item\":\"https:\/\/uebersetzungen-riede.de\/\"},{\"@type\":\"ListItem\",\"position\":2,\"name\":\"Kontakt\"}]},{\"@type\":\"WebSite\",\"@id\":\"https:\/\/uebersetzungen-riede.de\/#website\",\"url\":\"https:\/\/uebersetzungen-riede.de\/\",\"name\":\"\u00dcbersetzungen Riede\",\"description\":\"Fach\u00fcbersetzungen deutsch | franz\u00f6sisch | englisch\",\"publisher\":{\"@id\":\"https:\/\/uebersetzungen-riede.de\/#\/schema\/person\/48d0296c0333c7180367622cf36d1c74\"},\"potentialAction\":[{\"@type\":\"SearchAction\",\"target\":{\"@type\":\"EntryPoint\",\"urlTemplate\":\"https:\/\/uebersetzungen-riede.de\/?s={search_term_string}\"},\"query-input\":{\"@type\":\"PropertyValueSpecification\",\"valueRequired\":true,\"valueName\":\"search_term_string\"}}],\"inLanguage\":\"en-GB\"},{\"@type\":[\"Person\",\"Organization\"],\"@id\":\"https:\/\/uebersetzungen-riede.de\/#\/schema\/person\/48d0296c0333c7180367622cf36d1c74\",\"name\":\"admin\",\"image\":{\"@type\":\"ImageObject\",\"inLanguage\":\"en-GB\",\"@id\":\"https:\/\/uebersetzungen-riede.de\/#\/schema\/person\/image\/\",\"url\":\"https:\/\/neu.uebersetzungen-riede.de\/wp-content\/uploads\/2024\/01\/cropped-Favicon.png\",\"contentUrl\":\"https:\/\/neu.uebersetzungen-riede.de\/wp-content\/uploads\/2024\/01\/cropped-Favicon.png\",\"width\":512,\"height\":512,\"caption\":\"admin\"},\"logo\":{\"@id\":\"https:\/\/uebersetzungen-riede.de\/#\/schema\/person\/image\/\"},\"sameAs\":[\"https:\/\/neu.uebersetzungen-riede.de\"]}]}<\/script>\n<!-- \/ Yoast SEO plugin. -->","yoast_head_json":{"title":"Kontakt &#8211; \u00dcbersetzungen Riede","robots":{"index":"index","follow":"follow","max-snippet":"max-snippet:-1","max-image-preview":"max-image-preview:large","max-video-preview":"max-video-preview:-1"},"canonical":"https:\/\/uebersetzungen-riede.de\/en\/contact\/","og_locale":"en_GB","og_type":"article","og_title":"Kontakt &#8211; \u00dcbersetzungen Riede","og_description":"Kontakt\u00dcbersetzungen RiedeSie haben einen interessanten Auftrag f\u00fcr mich?Erz\u00e4hlen Sie mir von Ihrem Projekt!Daniela Berger-RiedeOT WechmarLange Stra\u00dfe 3299869 Drei Gleichen+49 (0) 36256 32813+49 (0) 172 1879540info@uebersetzungen-riede.de","og_url":"https:\/\/uebersetzungen-riede.de\/en\/contact\/","og_site_name":"\u00dcbersetzungen Riede","article_modified_time":"2024-03-04T14:10:53+00:00","twitter_card":"summary_large_image","twitter_misc":{"Estimated reading time":"1 minute"},"schema":{"@context":"https:\/\/schema.org","@graph":[{"@type":"WebPage","@id":"https:\/\/uebersetzungen-riede.de\/kontakt\/","url":"https:\/\/uebersetzungen-riede.de\/kontakt\/","name":"Kontakt &#8211; \u00dcbersetzungen Riede","isPartOf":{"@id":"https:\/\/uebersetzungen-riede.de\/#website"},"datePublished":"2023-12-18T09:31:23+00:00","dateModified":"2024-03-04T14:10:53+00:00","breadcrumb":{"@id":"https:\/\/uebersetzungen-riede.de\/kontakt\/#breadcrumb"},"inLanguage":"en-GB","potentialAction":[{"@type":"ReadAction","target":["https:\/\/uebersetzungen-riede.de\/kontakt\/"]}]},{"@type":"BreadcrumbList","@id":"https:\/\/uebersetzungen-riede.de\/kontakt\/#breadcrumb","itemListElement":[{"@type":"ListItem","position":1,"name":"Startseite","item":"https:\/\/uebersetzungen-riede.de\/"},{"@type":"ListItem","position":2,"name":"Kontakt"}]},{"@type":"WebSite","@id":"https:\/\/uebersetzungen-riede.de\/#website","url":"https:\/\/uebersetzungen-riede.de\/","name":"\u00dcbersetzungen Riede","description":"Fach\u00fcbersetzungen deutsch | franz\u00f6sisch | englisch","publisher":{"@id":"https:\/\/uebersetzungen-riede.de\/#\/schema\/person\/48d0296c0333c7180367622cf36d1c74"},"potentialAction":[{"@type":"SearchAction","target":{"@type":"EntryPoint","urlTemplate":"https:\/\/uebersetzungen-riede.de\/?s={search_term_string}"},"query-input":{"@type":"PropertyValueSpecification","valueRequired":true,"valueName":"search_term_string"}}],"inLanguage":"en-GB"},{"@type":["Person","Organization"],"@id":"https:\/\/uebersetzungen-riede.de\/#\/schema\/person\/48d0296c0333c7180367622cf36d1c74","name":"admin","image":{"@type":"ImageObject","inLanguage":"en-GB","@id":"https:\/\/uebersetzungen-riede.de\/#\/schema\/person\/image\/","url":"https:\/\/neu.uebersetzungen-riede.de\/wp-content\/uploads\/2024\/01\/cropped-Favicon.png","contentUrl":"https:\/\/neu.uebersetzungen-riede.de\/wp-content\/uploads\/2024\/01\/cropped-Favicon.png","width":512,"height":512,"caption":"admin"},"logo":{"@id":"https:\/\/uebersetzungen-riede.de\/#\/schema\/person\/image\/"},"sameAs":["https:\/\/neu.uebersetzungen-riede.de"]}]}},"_links":{"self":[{"href":"https:\/\/uebersetzungen-riede.de\/en\/wp-json\/wp\/v2\/pages\/26","targetHints":{"allow":["GET"]}}],"collection":[{"href":"https:\/\/uebersetzungen-riede.de\/en\/wp-json\/wp\/v2\/pages"}],"about":[{"href":"https:\/\/uebersetzungen-riede.de\/en\/wp-json\/wp\/v2\/types\/page"}],"author":[{"embeddable":true,"href":"https:\/\/uebersetzungen-riede.de\/en\/wp-json\/wp\/v2\/users\/1"}],"replies":[{"embeddable":true,"href":"https:\/\/uebersetzungen-riede.de\/en\/wp-json\/wp\/v2\/comments?post=26"}],"version-history":[{"count":85,"href":"https:\/\/uebersetzungen-riede.de\/en\/wp-json\/wp\/v2\/pages\/26\/revisions"}],"predecessor-version":[{"id":1251,"href":"https:\/\/uebersetzungen-riede.de\/en\/wp-json\/wp\/v2\/pages\/26\/revisions\/1251"}],"wp:attachment":[{"href":"https:\/\/uebersetzungen-riede.de\/en\/wp-json\/wp\/v2\/media?parent=26"}],"curies":[{"name":"wp","href":"https:\/\/api.w.org\/{rel}","templated":true}]}}