{"id":22,"date":"2023-12-18T09:30:45","date_gmt":"2023-12-18T09:30:45","guid":{"rendered":"https:\/\/neu.uebersetzungen-riede.de\/?page_id=22"},"modified":"2024-04-02T13:48:42","modified_gmt":"2024-04-02T13:48:42","slug":"warum-einen-profi","status":"publish","type":"page","link":"https:\/\/uebersetzungen-riede.de\/en\/why-hire-a-professional\/","title":{"rendered":"Why hire a professional?"},"content":{"rendered":"<p>[et_pb_section fb_built=&#8220;1&#8243; custom_padding_last_edited=&#8220;on|phone&#8220; _builder_version=&#8220;4.24.2&#8243; _module_preset=&#8220;default&#8220; use_background_color_gradient=&#8220;on&#8220; background_color_gradient_direction=&#8220;152deg&#8220; background_color_gradient_stops=&#8220;rgba(255,255,255,0.96) 16%|rgba(255,255,255,0.8) 77%&#8220; background_color_gradient_overlays_image=&#8220;on&#8220; background_image=&#8220;https:\/\/uebersetzungen-riede.de\/wp-content\/uploads\/2024\/01\/Header_Warum_ein_Profi.jpg&#8220; background_size=&#8220;initial&#8220; height_tablet=&#8220;280px&#8220; height_phone=&#8220;200px&#8220; height_last_edited=&#8220;on|phone&#8220; custom_margin_tablet=&#8220;200px||||false|false&#8220; custom_margin_phone=&#8220;200px||||false|false&#8220; custom_margin_last_edited=&#8220;on|phone&#8220; custom_padding_tablet=&#8220;&#8220; custom_padding_phone=&#8220;40px||||false|false&#8220; background_last_edited=&#8220;on|phone&#8220; background_enable_color_phone=&#8220;off&#8220; use_background_color_gradient_phone=&#8220;on&#8220; background_color_gradient_direction_phone=&#8220;140deg&#8220; background_color_gradient_stops_phone=&#8220;rgba(255,255,255,0.95) 0%|rgba(255,255,255,0.86) 27%|rgba(255,255,255,0.86) 71%|rgba(255,255,255,0.84) 100%&#8220; background_image_tablet=&#8220;https:\/\/neu.uebersetzungen-riede.de\/wp-content\/uploads\/2024\/01\/Header_Warum_ein_Profi.jpg&#8220; background_image_phone=&#8220;https:\/\/uebersetzungen-riede.de\/wp-content\/uploads\/2024\/01\/Header_Warum_ein_Profi.jpg&#8220; background_enable_image_tablet=&#8220;on&#8220; background_enable_image_phone=&#8220;on&#8220; background_size_tablet=&#8220;cover&#8220; background_position_tablet=&#8220;top_right&#8220; background_horizontal_offset_tablet=&#8220;42%&#8220; global_colors_info=&#8220;{}&#8220;][et_pb_row _builder_version=&#8220;4.24.1&#8243; _module_preset=&#8220;default&#8220; global_colors_info=&#8220;{}&#8220;][et_pb_column type=&#8220;4_4&#8243; _builder_version=&#8220;4.23.1&#8243; _module_preset=&#8220;default&#8220; global_colors_info=&#8220;{}&#8220;][et_pb_text _builder_version=&#8220;4.24.2&#8243; _module_preset=&#8220;default&#8220; header_3_text_color=&#8220;#7B9E1B&#8220; header_4_font=&#8220;Quicksand_Medium|||on|||||&#8220; custom_margin=&#8220;||5px||false|false&#8220; custom_padding=&#8220;||||false|false&#8220; header_3_font_size_tablet=&#8220;&#8220; header_3_font_size_phone=&#8220;28px&#8220; header_3_font_size_last_edited=&#8220;on|phone&#8220; global_colors_info=&#8220;{}&#8220;]<\/p>\n<h3>Why hire a professional?<\/h3>\n<p>[\/et_pb_text][et_pb_text _builder_version=&#8220;4.24.2&#8243; _module_preset=&#8220;default&#8220; header_3_text_color=&#8220;#7B9E1B&#8220; header_4_font=&#8220;QuicksandRegular|||on|||||&#8220; header_4_text_color=&#8220;#7B9E1B&#8220; header_4_font_size_tablet=&#8220;&#8220; header_4_font_size_phone=&#8220;25px&#8220; header_4_font_size_last_edited=&#8220;on|phone&#8220; global_colors_info=&#8220;{}&#8220;]<\/p>\n<h4>\u00dcbersetzungen Riede<\/h4>\n<p>[\/et_pb_text][\/et_pb_column][\/et_pb_row][\/et_pb_section][et_pb_section fb_built=&#8220;1&#8243; _builder_version=&#8220;4.23.1&#8243; _module_preset=&#8220;default&#8220; background_color=&#8220;#FFFFFF&#8220; background_enable_image=&#8220;off&#8220; background_size=&#8220;contain&#8220; background_position=&#8220;top_left&#8220; background_horizontal_offset=&#8220;-34%&#8220; global_colors_info=&#8220;{}&#8220;][et_pb_row _builder_version=&#8220;4.23.1&#8243; _module_preset=&#8220;default&#8220; global_colors_info=&#8220;{}&#8220;][et_pb_column type=&#8220;4_4&#8243; _builder_version=&#8220;4.23.1&#8243; _module_preset=&#8220;default&#8220; global_colors_info=&#8220;{}&#8220;][et_pb_text _builder_version=&#8220;4.24.2&#8243; _module_preset=&#8220;default&#8220; hover_enabled=&#8220;0&#8243; global_colors_info=&#8220;{}&#8220; sticky_enabled=&#8220;0&#8243;]<\/p>\n<p>Translation is not a professional occupation that is protected by law in Germany. This means that anyone can call themselves a translator and offer their services as such. But, knowing a language does not mean knowing how to use it \u2013 a language has many facets.<\/p>\n<p>Translation is not just based on language and grammar skills, it also needs profound understanding: Of the culture and mindset, historical development, differences in every-day life, different language-based images and styles. A professional translator guarantees that every aspect of a source text is translated into the target text so that nothing is left out or mistakes added. And this is only possible with in-depth training, long-term experience and continuous professional development.<\/p>\n<p>Diplomas, state examinations and membership in a professional organisation are the signs of a qualified translator. A translator must be authorised for the applicable language if you need certified documents such as certificates, deeds or contracts translated. My portfolio includes this and other qualifications.<\/p>\n<p>[\/et_pb_text][\/et_pb_column][\/et_pb_row][\/et_pb_section][et_pb_section fb_built=&#8220;1&#8243; _builder_version=&#8220;4.23.4&#8243; _module_preset=&#8220;default&#8220; background_color=&#8220;rgba(227,227,227,0.25)&#8220; background_image=&#8220;https:\/\/neu.uebersetzungen-riede.de\/wp-content\/uploads\/2023\/12\/nursing-home_23.png&#8220; background_size=&#8220;contain&#8220; background_position=&#8220;top_left&#8220; background_horizontal_offset=&#8220;-74%&#8220; background_last_edited=&#8220;on|phone&#8220; background_horizontal_offset_phone=&#8220;-38%&#8220; background_vertical_offset_phone=&#8220;-5%&#8220; global_colors_info=&#8220;{}&#8220;][et_pb_row _builder_version=&#8220;4.24.1&#8243; _module_preset=&#8220;default&#8220; global_colors_info=&#8220;{}&#8220;][et_pb_column type=&#8220;4_4&#8243; _builder_version=&#8220;4.24.1&#8243; _module_preset=&#8220;default&#8220; global_colors_info=&#8220;{}&#8220;][et_pb_text _builder_version=&#8220;4.24.1&#8243; _module_preset=&#8220;default&#8220; header_5_font_size_tablet=&#8220;&#8220; header_5_font_size_phone=&#8220;24px&#8220; header_5_font_size_last_edited=&#8220;on|phone&#8220; header_5_line_height_tablet=&#8220;&#8220; header_5_line_height_phone=&#8220;1.3em&#8220; header_5_line_height_last_edited=&#8220;on|phone&#8220; global_colors_info=&#8220;{}&#8220;]<\/p>\n<h5>Machine translation instead of professional translation?<\/h5>\n<p>[\/et_pb_text][\/et_pb_column][\/et_pb_row][et_pb_row column_structure=&#8220;1_2,1_2&#8243; make_equal=&#8220;on&#8220; _builder_version=&#8220;4.23.1&#8243; _module_preset=&#8220;default&#8220; global_colors_info=&#8220;{}&#8220;][et_pb_column type=&#8220;1_2&#8243; _builder_version=&#8220;4.23.1&#8243; _module_preset=&#8220;default&#8220; global_colors_info=&#8220;{}&#8220;][et_pb_text _builder_version=&#8220;4.23.1&#8243; _module_preset=&#8220;default&#8220; global_colors_info=&#8220;{}&#8220;]<\/p>\n<p>It sounds so easy: Enter your text and the translation will appear magically in any language you want.<\/p>\n<p>Artificial intelligence can achieve a lot in the field of translation. And for personal use, DeepL or other machine translation systems are helpful: For basic text understanding, for holiday communication or private messages.<\/p>\n<p>[\/et_pb_text][\/et_pb_column][et_pb_column type=&#8220;1_2&#8243; module_class=&#8220;vertikal-zentrieren&#8220; _builder_version=&#8220;4.23.1&#8243; _module_preset=&#8220;default&#8220; global_colors_info=&#8220;{}&#8220;][et_pb_image src=&#8220;https:\/\/uebersetzungen-riede.de\/wp-content\/uploads\/2024\/01\/AI-Robot-1.png&#8220; title_text=&#8220;AI Robot&#8220; _builder_version=&#8220;4.24.2&#8243; _module_preset=&#8220;default&#8220; width=&#8220;75%&#8220; custom_margin_tablet=&#8220;&#8220; custom_margin_phone=&#8220;|||-25px|false|false&#8220; custom_margin_last_edited=&#8220;on|phone&#8220; global_colors_info=&#8220;{}&#8220; custom_css_main_element_last_edited=&#8220;on|tablet&#8220; custom_css_main_element_tablet=&#8220;width: 350px!important;&#8220; custom_css_main_element_phone=&#8220;width: 350px!important;&#8220;][\/et_pb_image][\/et_pb_column][\/et_pb_row][et_pb_row _builder_version=&#8220;4.23.1&#8243; _module_preset=&#8220;default&#8220; global_colors_info=&#8220;{}&#8220;][et_pb_column type=&#8220;4_4&#8243; _builder_version=&#8220;4.23.1&#8243; _module_preset=&#8220;default&#8220; global_colors_info=&#8220;{}&#8220;][et_pb_text content_tablet=&#8220;<\/p>\n<p>However, machine translation systems soon reach their limits when it comes to specialised and academic texts, literature, documents or technical documentation. Figures or speech, idioms, local expressions, specialist terminology and technical processes are often missing or incorrectly translated. At first glance, the translation appears to be good, and only a trained eye will see the discrepancies and errors \u2013 or, in the worst case, your business partner.<\/p>\n<p>Translators think about the text, have a feel for whether there are discrepancies in the source text and take the context into consideration. As a translator, I am in direct contact with the author of the source text and my specialist knowledge means that I can spot inaccuracies. Research allows me to determine what is unclear so that your text is professionally and accurately translated into the target language. Artificial intelligence cannot do this. This is why you need to entrust your important specialist texts to a professional translator who thinks for themselves \u2013 like \u00dcbersetzungen Riede in Erfurt.<\/p>\n<p class=\"translation-block\">Lernen Sie mich und meine <a href=\"https:\/\/neu.uebersetzungen-riede.de\/leistungen\/?trp-edit-translation=preview\" target=\"_self\">Leistungen<\/a> auf diesen Seiten besser kennen, schauen Sie sich mein <a href=\"https:\/\/neu.uebersetzungen-riede.de\/profil\/?trp-edit-translation=preview\" target=\"_self\">Profil<\/a> an \u2013 oder greifen Sie zum Telefon f\u00fcr den pers\u00f6nlichen Kontakt.<\/p>\n<p>&#8220; content_phone=&#8220;<\/p>\n<p>However, machine translation systems soon reach their limits<br \/>when it comes to specialised and academic texts, literature, documents or technical documentation. Figures or speech, idioms, local expressions, specialist terminology and technical processes are often missing or incorrectly translated. At first glance, the translation appears to be good, and only a trained eye will see the discrepancies and errors \u2013 or, in the worst case, your business partner.<\/p>\n<p>Translators think about the text, have a feel for whether there are discrepancies in the source text and take the context into consideration. As a translator, I am in direct contact with the author of the source text and my specialist knowledge means that I can spot inaccuracies. Research allows me to determine what is unclear so that your text is professionally and accurately translated into the target language. Artificial intelligence cannot do this. This is why you need to entrust your important specialist texts to a professional translator who thinks for themselves \u2013 like \u00dcbersetzungen Riede in Erfurt.<\/p>\n<p class=\"translation-block\">Lernen Sie mich und meine <a href=\"https:\/\/neu.uebersetzungen-riede.de\/leistungen\/?trp-edit-translation=preview\" target=\"_self\">Leistungen<\/a> auf diesen Seiten besser kennen, schauen Sie sich mein <a href=\"https:\/\/neu.uebersetzungen-riede.de\/profil\/?trp-edit-translation=preview\" target=\"_self\">Profil<\/a> an \u2013 oder greifen Sie zum Telefon f\u00fcr den pers\u00f6nlichen Kontakt.<\/p>\n<p>&#8220; content_last_edited=&#8220;on|phone&#8220; _builder_version=&#8220;4.24.2&#8243; _module_preset=&#8220;default&#8220; link_font=&#8220;Quicksand_Medium||||||||&#8220; link_text_color=&#8220;#7B9E1B&#8220; global_colors_info=&#8220;{}&#8220;]<\/p>\n<p>However, machine translation systems soon reach their limits when it comes to specialised and academic texts, literature, documents or technical documentation. Figures or speech, idioms, local expressions, specialist terminology and technical processes are often missing or incorrectly translated. At first glance, the translation appears to be good, and only a trained eye will see the discrepancies and errors \u2013 or, in the worst case, your business partner.<\/p>\n<p>Translators think about the text, have a feel for whether there are discrepancies in the source text and take the context into consideration. As a translator, I am in direct contact with the author of the source text and my specialist knowledge means that I can spot inaccuracies. Research allows me to determine what is unclear so that your text is professionally and accurately translated into the target language. Artificial intelligence cannot do this. This is why you need to entrust your important specialist texts to a professional translator who thinks for themselves \u2013 like \u00dcbersetzungen Riede in Erfurt.<\/p>\n<p>My website will help you get to know me and my<a class=\"et_pb_button et_pb_button_1 et_pb_bg_layout_light\" href=\"\/en\/services\/\">Services<\/a>better, take a look at my<a class=\"et_pb_button et_pb_button_1 et_pb_bg_layout_light\" href=\"\/en\/profile\/\">Profile<\/a>\u2013 or call me for a personal consultation.<\/p>\n<p>[\/et_pb_text][et_pb_button button_url=&#8220;https:\/\/uebersetzungen-riede.de\/kontakt\/&#8220; button_text=&#8220;Jetzt kontaktieren&#8220; button_alignment=&#8220;left&#8220; disabled_on=&#8220;off|on|on&#8220; _builder_version=&#8220;4.24.2&#8243; _module_preset=&#8220;default&#8220; custom_button=&#8220;on&#8220; button_text_size=&#8220;20px&#8220; button_letter_spacing=&#8220;0px&#8220; button_font=&#8220;QuicksandSemibold||||||||&#8220; button_icon=&#8220;&#x45;||divi||400&#8243; custom_margin=&#8220;||||false|false&#8220; custom_css_main_element=&#8220;width: 350px!important;||text-align: center;&#8220; global_colors_info=&#8220;{}&#8220; button_bg_color__hover_enabled=&#8220;on|hover&#8220; button_bg_color__hover=&#8220;#707070&#8243; button_bg_enable_color__hover=&#8220;on&#8220; custom_css_main_element_last_edited=&#8220;on|phone&#8220; custom_css_main_element_phone=&#8220;width: 300px!important;||text-align: center;&#8220; custom_css_main_element_tablet=&#8220;width: 350px!important;||text-align: center;&#8220;][\/et_pb_button][\/et_pb_column][\/et_pb_row][\/et_pb_section]<\/p>","protected":false},"excerpt":{"rendered":"<p>Warum einen Profi?\u00dcbersetzungen RiedeDie Berufsbezeichnung des \u00dcbersetzers ist in Deutschland nicht gesch\u00fctzt. Das hei\u00dft, jeder kann sich \u201a\u00dcbersetzer\u2019 nennen und anschlie\u00dfend seine Leistungen anbieten. Doch eine Sprache zu kennen hei\u00dft nicht, sie auch zu k\u00f6nnen \u2013 und zwar mit allen ihren Facetten. Zum \u00dcbersetzen geh\u00f6ren nicht nur Sprach- und Grammatikkenntnisse, sondern auch tiefgreifendes Verst\u00e4ndnis: f\u00fcr [&hellip;]<\/p>","protected":false},"author":1,"featured_media":0,"parent":0,"menu_order":0,"comment_status":"closed","ping_status":"closed","template":"","meta":{"_et_pb_use_builder":"on","_et_pb_old_content":"","_et_gb_content_width":"","footnotes":""},"class_list":["post-22","page","type-page","status-publish","hentry"],"yoast_head":"<!-- This site is optimized with the Yoast SEO plugin v26.5 - https:\/\/yoast.com\/wordpress\/plugins\/seo\/ -->\n<title>Warum einen Profi? - \u00dcbersetzungen Riede<\/title>\n<meta name=\"description\" content=\"Professionelle \u00dcbersetzung statt \u00dcbersetzungsprogramme! Vertrauen Sie f\u00fcr Ihre wichtigen Fachtexte einem Profi wie - \u00dcbersetzungen Riede.\" \/>\n<meta name=\"robots\" content=\"index, follow, max-snippet:-1, max-image-preview:large, max-video-preview:-1\" \/>\n<link rel=\"canonical\" href=\"https:\/\/uebersetzungen-riede.de\/en\/why-hire-a-professional\/\" \/>\n<meta property=\"og:locale\" content=\"en_GB\" \/>\n<meta property=\"og:type\" content=\"article\" \/>\n<meta property=\"og:title\" content=\"Warum einen Profi? - \u00dcbersetzungen Riede\" \/>\n<meta property=\"og:description\" content=\"Professionelle \u00dcbersetzung statt \u00dcbersetzungsprogramme! Vertrauen Sie f\u00fcr Ihre wichtigen Fachtexte einem Profi wie - \u00dcbersetzungen Riede.\" \/>\n<meta property=\"og:url\" content=\"https:\/\/uebersetzungen-riede.de\/en\/why-hire-a-professional\/\" \/>\n<meta property=\"og:site_name\" content=\"\u00dcbersetzungen Riede\" \/>\n<meta property=\"article:modified_time\" content=\"2024-04-02T13:48:42+00:00\" \/>\n<meta name=\"twitter:card\" content=\"summary_large_image\" \/>\n<meta name=\"twitter:label1\" content=\"Estimated reading time\" \/>\n\t<meta name=\"twitter:data1\" content=\"6 minutes\" \/>\n<script type=\"application\/ld+json\" class=\"yoast-schema-graph\">{\"@context\":\"https:\/\/schema.org\",\"@graph\":[{\"@type\":\"WebPage\",\"@id\":\"https:\/\/uebersetzungen-riede.de\/warum-einen-profi\/\",\"url\":\"https:\/\/uebersetzungen-riede.de\/warum-einen-profi\/\",\"name\":\"Warum einen Profi? - \u00dcbersetzungen Riede\",\"isPartOf\":{\"@id\":\"https:\/\/uebersetzungen-riede.de\/#website\"},\"datePublished\":\"2023-12-18T09:30:45+00:00\",\"dateModified\":\"2024-04-02T13:48:42+00:00\",\"description\":\"Professionelle \u00dcbersetzung statt \u00dcbersetzungsprogramme! Vertrauen Sie f\u00fcr Ihre wichtigen Fachtexte einem Profi wie - \u00dcbersetzungen Riede.\",\"breadcrumb\":{\"@id\":\"https:\/\/uebersetzungen-riede.de\/warum-einen-profi\/#breadcrumb\"},\"inLanguage\":\"en-GB\",\"potentialAction\":[{\"@type\":\"ReadAction\",\"target\":[\"https:\/\/uebersetzungen-riede.de\/warum-einen-profi\/\"]}]},{\"@type\":\"BreadcrumbList\",\"@id\":\"https:\/\/uebersetzungen-riede.de\/warum-einen-profi\/#breadcrumb\",\"itemListElement\":[{\"@type\":\"ListItem\",\"position\":1,\"name\":\"Startseite\",\"item\":\"https:\/\/uebersetzungen-riede.de\/\"},{\"@type\":\"ListItem\",\"position\":2,\"name\":\"Warum einen Profi?\"}]},{\"@type\":\"WebSite\",\"@id\":\"https:\/\/uebersetzungen-riede.de\/#website\",\"url\":\"https:\/\/uebersetzungen-riede.de\/\",\"name\":\"\u00dcbersetzungen Riede\",\"description\":\"Fach\u00fcbersetzungen deutsch | franz\u00f6sisch | englisch\",\"publisher\":{\"@id\":\"https:\/\/uebersetzungen-riede.de\/#\/schema\/person\/48d0296c0333c7180367622cf36d1c74\"},\"potentialAction\":[{\"@type\":\"SearchAction\",\"target\":{\"@type\":\"EntryPoint\",\"urlTemplate\":\"https:\/\/uebersetzungen-riede.de\/?s={search_term_string}\"},\"query-input\":{\"@type\":\"PropertyValueSpecification\",\"valueRequired\":true,\"valueName\":\"search_term_string\"}}],\"inLanguage\":\"en-GB\"},{\"@type\":[\"Person\",\"Organization\"],\"@id\":\"https:\/\/uebersetzungen-riede.de\/#\/schema\/person\/48d0296c0333c7180367622cf36d1c74\",\"name\":\"admin\",\"image\":{\"@type\":\"ImageObject\",\"inLanguage\":\"en-GB\",\"@id\":\"https:\/\/uebersetzungen-riede.de\/#\/schema\/person\/image\/\",\"url\":\"https:\/\/neu.uebersetzungen-riede.de\/wp-content\/uploads\/2024\/01\/cropped-Favicon.png\",\"contentUrl\":\"https:\/\/neu.uebersetzungen-riede.de\/wp-content\/uploads\/2024\/01\/cropped-Favicon.png\",\"width\":512,\"height\":512,\"caption\":\"admin\"},\"logo\":{\"@id\":\"https:\/\/uebersetzungen-riede.de\/#\/schema\/person\/image\/\"},\"sameAs\":[\"https:\/\/neu.uebersetzungen-riede.de\"]}]}<\/script>\n<!-- \/ Yoast SEO plugin. -->","yoast_head_json":{"title":"Why hire  a professional? - \u00dcbersetzungen Riede","description":"Professional translations instead of translation software! Entrust your important specialist texts to a professional translator \u2013 \u00dcbersetzungen Riede in Erfurt.","robots":{"index":"index","follow":"follow","max-snippet":"max-snippet:-1","max-image-preview":"max-image-preview:large","max-video-preview":"max-video-preview:-1"},"canonical":"https:\/\/uebersetzungen-riede.de\/en\/why-hire-a-professional\/","og_locale":"en_GB","og_type":"article","og_title":"Warum einen Profi? - \u00dcbersetzungen Riede","og_description":"Professionelle \u00dcbersetzung statt \u00dcbersetzungsprogramme! Vertrauen Sie f\u00fcr Ihre wichtigen Fachtexte einem Profi wie - \u00dcbersetzungen Riede.","og_url":"https:\/\/uebersetzungen-riede.de\/en\/why-hire-a-professional\/","og_site_name":"\u00dcbersetzungen Riede","article_modified_time":"2024-04-02T13:48:42+00:00","twitter_card":"summary_large_image","twitter_misc":{"Estimated reading time":"6 minutes"},"schema":{"@context":"https:\/\/schema.org","@graph":[{"@type":"WebPage","@id":"https:\/\/uebersetzungen-riede.de\/warum-einen-profi\/","url":"https:\/\/uebersetzungen-riede.de\/warum-einen-profi\/","name":"Why hire  a professional? - \u00dcbersetzungen Riede","isPartOf":{"@id":"https:\/\/uebersetzungen-riede.de\/#website"},"datePublished":"2023-12-18T09:30:45+00:00","dateModified":"2024-04-02T13:48:42+00:00","description":"Professional translations instead of translation software! Entrust your important specialist texts to a professional translator \u2013 \u00dcbersetzungen Riede in Erfurt.","breadcrumb":{"@id":"https:\/\/uebersetzungen-riede.de\/warum-einen-profi\/#breadcrumb"},"inLanguage":"en-GB","potentialAction":[{"@type":"ReadAction","target":["https:\/\/uebersetzungen-riede.de\/warum-einen-profi\/"]}]},{"@type":"BreadcrumbList","@id":"https:\/\/uebersetzungen-riede.de\/warum-einen-profi\/#breadcrumb","itemListElement":[{"@type":"ListItem","position":1,"name":"Startseite","item":"https:\/\/uebersetzungen-riede.de\/"},{"@type":"ListItem","position":2,"name":"Warum einen Profi?"}]},{"@type":"WebSite","@id":"https:\/\/uebersetzungen-riede.de\/#website","url":"https:\/\/uebersetzungen-riede.de\/","name":"\u00dcbersetzungen Riede","description":"Fach\u00fcbersetzungen deutsch | franz\u00f6sisch | englisch","publisher":{"@id":"https:\/\/uebersetzungen-riede.de\/#\/schema\/person\/48d0296c0333c7180367622cf36d1c74"},"potentialAction":[{"@type":"SearchAction","target":{"@type":"EntryPoint","urlTemplate":"https:\/\/uebersetzungen-riede.de\/?s={search_term_string}"},"query-input":{"@type":"PropertyValueSpecification","valueRequired":true,"valueName":"search_term_string"}}],"inLanguage":"en-GB"},{"@type":["Person","Organization"],"@id":"https:\/\/uebersetzungen-riede.de\/#\/schema\/person\/48d0296c0333c7180367622cf36d1c74","name":"admin","image":{"@type":"ImageObject","inLanguage":"en-GB","@id":"https:\/\/uebersetzungen-riede.de\/#\/schema\/person\/image\/","url":"https:\/\/neu.uebersetzungen-riede.de\/wp-content\/uploads\/2024\/01\/cropped-Favicon.png","contentUrl":"https:\/\/neu.uebersetzungen-riede.de\/wp-content\/uploads\/2024\/01\/cropped-Favicon.png","width":512,"height":512,"caption":"admin"},"logo":{"@id":"https:\/\/uebersetzungen-riede.de\/#\/schema\/person\/image\/"},"sameAs":["https:\/\/neu.uebersetzungen-riede.de"]}]}},"_links":{"self":[{"href":"https:\/\/uebersetzungen-riede.de\/en\/wp-json\/wp\/v2\/pages\/22","targetHints":{"allow":["GET"]}}],"collection":[{"href":"https:\/\/uebersetzungen-riede.de\/en\/wp-json\/wp\/v2\/pages"}],"about":[{"href":"https:\/\/uebersetzungen-riede.de\/en\/wp-json\/wp\/v2\/types\/page"}],"author":[{"embeddable":true,"href":"https:\/\/uebersetzungen-riede.de\/en\/wp-json\/wp\/v2\/users\/1"}],"replies":[{"embeddable":true,"href":"https:\/\/uebersetzungen-riede.de\/en\/wp-json\/wp\/v2\/comments?post=22"}],"version-history":[{"count":105,"href":"https:\/\/uebersetzungen-riede.de\/en\/wp-json\/wp\/v2\/pages\/22\/revisions"}],"predecessor-version":[{"id":1270,"href":"https:\/\/uebersetzungen-riede.de\/en\/wp-json\/wp\/v2\/pages\/22\/revisions\/1270"}],"wp:attachment":[{"href":"https:\/\/uebersetzungen-riede.de\/en\/wp-json\/wp\/v2\/media?parent=22"}],"curies":[{"name":"wp","href":"https:\/\/api.w.org\/{rel}","templated":true}]}}