{"id":17,"date":"2023-12-18T09:29:48","date_gmt":"2023-12-18T09:29:48","guid":{"rendered":"https:\/\/neu.uebersetzungen-riede.de\/?page_id=17"},"modified":"2025-06-13T13:33:53","modified_gmt":"2025-06-13T13:33:53","slug":"startseite","status":"publish","type":"page","link":"https:\/\/uebersetzungen-riede.de\/en\/","title":{"rendered":"Startseite"},"content":{"rendered":"<p>[et_pb_section fb_built=&#8220;1&#8243; module_class=&#8220;vertikal-zentrieren&#8220; _builder_version=&#8220;4.24.2&#8243; _module_preset=&#8220;default&#8220; use_background_color_gradient=&#8220;on&#8220; background_color_gradient_stops=&#8220;rgba(255,255,255,0.7) 1%|rgba(255,255,255,0.51) 35%|rgba(255,255,255,0.4) 100%&#8220; background_color_gradient_overlays_image=&#8220;on&#8220; background_image=&#8220;https:\/\/uebersetzungen-riede.de\/wp-content\/uploads\/2024\/01\/Buch3.png&#8220; parallax=&#8220;on&#8220; height=&#8220;906px&#8220; height_tablet=&#8220;906px&#8220; height_phone=&#8220;640px&#8220; height_last_edited=&#8220;on|phone&#8220; max_height=&#8220;1000px&#8220; background_last_edited=&#8220;on|phone&#8220; use_background_color_gradient_phone=&#8220;on&#8220; background_color_gradient_stops_phone=&#8220;rgba(255,255,255,0.5) 10%|rgba(255,255,255,0) 41%|rgba(255,255,255,0.62) 62%|rgba(255,255,255,0.6) 100%&#8220; background_image_phone=&#8220;https:\/\/uebersetzungen-riede.de\/wp-content\/uploads\/2024\/01\/Woerterbuch_mobil.png&#8220; background_enable_image_phone=&#8220;on&#8220; parallax_phone=&#8220;off&#8220; background_size_phone=&#8220;cover&#8220; background_image_width_phone=&#8220;100%&#8220; background_position_phone=&#8220;top_center&#8220; background_horizontal_offset_phone=&#8220;53%&#8220; background_vertical_offset_phone=&#8220;-100%&#8220; global_colors_info=&#8220;{}&#8220;][et_pb_row module_class=&#8220;vertikal-zentrieren&#8220; _builder_version=&#8220;4.23.1&#8243; _module_preset=&#8220;default&#8220; background_enable_image=&#8220;off&#8220; transform_scale_last_edited=&#8220;off|desktop&#8220; transform_translate_tablet=&#8220;0px|200px&#8220; transform_translate_phone=&#8220;0px|80px&#8220; transform_translate_last_edited=&#8220;off|desktop&#8220; transform_rotate_last_edited=&#8220;off|desktop&#8220; transform_skew_last_edited=&#8220;off|desktop&#8220; transform_origin_last_edited=&#8220;off|desktop&#8220; custom_margin=&#8220;||||false|false&#8220; custom_margin_tablet=&#8220;||||false|false&#8220; custom_margin_phone=&#8220;280px||||false|false&#8220; custom_margin_last_edited=&#8220;on|desktop&#8220; global_colors_info=&#8220;{}&#8220;][et_pb_column type=&#8220;4_4&#8243; _builder_version=&#8220;4.16&#8243; _module_preset=&#8220;default&#8220; global_colors_info=&#8220;{}&#8220;][et_pb_text _builder_version=&#8220;4.24.2&#8243; _module_preset=&#8220;e598b17a-9229-42f6-b238-019d6094332e&#8220; text_font=&#8220;Trebuchet||||||||&#8220; header_font=&#8220;TahomaBold||||||||&#8220; header_text_align=&#8220;center&#8220; header_font_tablet=&#8220;&#8220; header_font_phone=&#8220;&#8220; header_font_last_edited=&#8220;on|desktop&#8220; header_font_size_tablet=&#8220;50px&#8220; header_font_size_phone=&#8220;29px&#8220; header_font_size_last_edited=&#8220;on|phone&#8220; locked=&#8220;off&#8220; global_colors_info=&#8220;{}&#8220;]<\/p>\n<h1>Specialist Translations<\/h1>\n<p>[\/et_pb_text][et_pb_image src=&#8220;https:\/\/uebersetzungen-riede.de\/wp-content\/uploads\/2023\/12\/Pfad-2@2x.png&#8220; title_text=&#8220;Sprechblase&#8220; disabled_on=&#8220;on|on|off&#8220; _builder_version=&#8220;4.24.2&#8243; _module_preset=&#8220;default&#8220; positioning=&#8220;absolute&#8220; position_origin_a=&#8220;center_center&#8220; z_index=&#8220;-3&#8243; width=&#8220;42%&#8220; custom_margin=&#8220;28px|||168px|false|false&#8220; global_colors_info=&#8220;{}&#8220;][\/et_pb_image][et_pb_text _builder_version=&#8220;4.24.2&#8243; _module_preset=&#8220;e598b17a-9229-42f6-b238-019d6094332e&#8220; text_text_color=&#8220;#7B9E1B&#8220; header_text_align=&#8220;center&#8220; header_text_color=&#8220;#FFFFFF&#8220; header_font_size=&#8220;80px&#8220; header_line_height=&#8220;1.1em&#8220; header_2_font=&#8220;QuicksandMedium||||||||&#8220; header_2_text_align=&#8220;center&#8220; custom_margin=&#8220;-25px||||false|false&#8220; header_font_size_tablet=&#8220;40px&#8220; header_font_size_phone=&#8220;24px&#8220; header_font_size_last_edited=&#8220;on|desktop&#8220; header_2_font_size_tablet=&#8220;&#8220; header_2_font_size_phone=&#8220;24px&#8220; header_2_font_size_last_edited=&#8220;on|phone&#8220; header_2_line_height_tablet=&#8220;&#8220; header_2_line_height_phone=&#8220;1.2em&#8220; header_2_line_height_last_edited=&#8220;on|phone&#8220; locked=&#8220;off&#8220; global_colors_info=&#8220;{}&#8220;]<\/p>\n<h2>French | English | German<\/h2>\n<p>[\/et_pb_text][\/et_pb_column][\/et_pb_row][\/et_pb_section][et_pb_section fb_built=&#8220;1&#8243; custom_padding_last_edited=&#8220;off|desktop&#8220; admin_label=&#8220;About&#8220; _builder_version=&#8220;4.23.1&#8243; _module_preset=&#8220;default&#8220; height_tablet=&#8220;&#8220; height_phone=&#8220;auto&#8220; height_last_edited=&#8220;on|phone&#8220; custom_margin=&#8220;0px||0px||true|false&#8220; custom_padding=&#8220;50px||||false|false&#8220; custom_padding_tablet=&#8220;0px||||false|false&#8220; custom_padding_phone=&#8220;0px||||false|false&#8220; global_colors_info=&#8220;{}&#8220;][et_pb_row column_structure=&#8220;1_2,1_2&#8243; make_equal=&#8220;on&#8220; _builder_version=&#8220;4.23.1&#8243; _module_preset=&#8220;default&#8220; global_colors_info=&#8220;{}&#8220;][et_pb_column type=&#8220;1_2&#8243; module_class=&#8220;vertikal-zentrieren&#8220; _builder_version=&#8220;4.23.1&#8243; _module_preset=&#8220;default&#8220; global_colors_info=&#8220;{}&#8220;][et_pb_image src=&#8220;https:\/\/uebersetzungen-riede.de\/wp-content\/uploads\/2024\/01\/Translation_Language_Illustration-1.png&#8220; title_text=&#8220;Translation_Language_Illustration&#8220; _builder_version=&#8220;4.24.2&#8243; _module_preset=&#8220;default&#8220; positioning=&#8220;absolute&#8220; vertical_offset_last_edited=&#8220;off|desktop&#8220; width=&#8220;100%&#8220; hover_enabled=&#8220;0&#8243; locked=&#8220;off&#8220; global_colors_info=&#8220;{}&#8220; sticky_enabled=&#8220;0&#8243;][\/et_pb_image][\/et_pb_column][et_pb_column type=&#8220;1_2&#8243; module_class=&#8220;vertikal-zentrieren&#8220; _builder_version=&#8220;4.23.1&#8243; _module_preset=&#8220;default&#8220; global_colors_info=&#8220;{}&#8220;][et_pb_text content_tablet=&#8220;<\/p>\n<p style=\"%22text-align:\" left;%22>Professional translations are the key to successful communication with your foreign business partners. Experienced, professional translators:<\/p>\n<p>&#8220; content_phone=&#8220;<\/p>\n<p style=\"%22text-align:\" left;%22>Professional translations are the key to successful communication with your foreign business partners. Experienced, professional translators:<\/p>\n<p>&#8220; content_last_edited=&#8220;on|desktop&#8220; _builder_version=&#8220;4.27.3&#8243; _module_preset=&#8220;22d0da71-6393-430b-a0cd-b77dd565e85c&#8220; text_font=&#8220;QuicksandBold||||||||&#8220; text_text_color=&#8220;#3E1B9F&#8220; text_line_height=&#8220;30px&#8220; text_orientation=&#8220;center&#8220; hover_enabled=&#8220;0&#8243; text_font_size_tablet=&#8220;20px&#8220; text_font_size_phone=&#8220;20px&#8220; text_font_size_last_edited=&#8220;on|tablet&#8220; header_font_size_tablet=&#8220;55px&#8220; header_font_size_last_edited=&#8220;off|desktop&#8220; locked=&#8220;off&#8220; global_colors_info=&#8220;{}&#8220; custom_margin_last_edited=&#8220;on|phone&#8220; custom_padding_last_edited=&#8220;on|phone&#8220; custom_margin_phone=&#8220;273px||||false|false&#8220; sticky_enabled=&#8220;0&#8243;]<\/p>\n<p style=\"text-align: left;\">Professional translations are the key to successful communication with your foreign business partners. Experienced, professional translators:<\/p>\n<p>[\/et_pb_text][et_pb_text _builder_version=&#8220;4.27.3&#8243; _module_preset=&#8220;22d0da71-6393-430b-a0cd-b77dd565e85c&#8220; ul_font=&#8220;QuicksandRegular||||||||&#8220; ul_line_height=&#8220;32px&#8220; text_orientation=&#8220;center&#8220; text_font_size_tablet=&#8220;20px&#8220; text_font_size_phone=&#8220;20px&#8220; text_font_size_last_edited=&#8220;on|tablet&#8220; header_font_size_tablet=&#8220;55px&#8220; header_font_size_last_edited=&#8220;off|desktop&#8220; locked=&#8220;off&#8220; global_colors_info=&#8220;{}&#8220;]<\/p>\n<ul>\n<li style=\"text-align: left;\">Transfer your message into a foreign language without any misunderstandings<\/li>\n<li style=\"text-align: left;\">Maintain an overview of the full context (and meaning)<\/li>\n<li style=\"text-align: left;\">Understand the customs, practices and pitfalls inherent in both source and target language<\/li>\n<li style=\"text-align: left;\">Recognise any discrepancies in the source text<\/li>\n<li style=\"text-align: left;\">Acquire highly specialist knowledge<\/li>\n<\/ul>\n<p>&nbsp;<\/p>\n<p>[\/et_pb_text][\/et_pb_column][\/et_pb_row][\/et_pb_section][et_pb_section fb_built=&#8220;1&#8243; _builder_version=&#8220;4.23.4&#8243; _module_preset=&#8220;default&#8220; background_color=&#8220;#3E1B9F&#8220; global_colors_info=&#8220;{}&#8220;][et_pb_row _builder_version=&#8220;4.23.1&#8243; _module_preset=&#8220;default&#8220; global_colors_info=&#8220;{}&#8220;][et_pb_column type=&#8220;4_4&#8243; _builder_version=&#8220;4.23.1&#8243; _module_preset=&#8220;default&#8220; global_colors_info=&#8220;{}&#8220;][et_pb_text _builder_version=&#8220;4.24.2&#8243; _module_preset=&#8220;default&#8220; text_font=&#8220;QuicksandMedium||||||||&#8220; text_text_color=&#8220;#FFFFFF&#8220; global_colors_info=&#8220;{}&#8220;]<\/p>\n<p>Your translation requests will be fulfilled by \u00dcbersetzungen Riede with a high level of professionalism, essential specialist knowledge and many years of experience. This is what I offer as a state-certified translator for the language pairs French-German and English-German. My office, where I work on jobs from Germany, Europe and across the world, is located near Erfurt and Gotha.<\/p>\n<p>[\/et_pb_text][\/et_pb_column][\/et_pb_row][\/et_pb_section][et_pb_section fb_built=&#8220;1&#8243; admin_label=&#8220;Services&#8220; _builder_version=&#8220;4.24.2&#8243; _module_preset=&#8220;default&#8220; background_enable_color=&#8220;off&#8220; use_background_color_gradient=&#8220;on&#8220; background_color_gradient_stops=&#8220;rgba(255,255,255,0.82) 3%|rgba(255,255,255,0.85) 100%&#8220; background_color_gradient_overlays_image=&#8220;on&#8220; background_image=&#8220;https:\/\/uebersetzungen-riede.de\/wp-content\/uploads\/2024\/01\/Gruppe-4.png&#8220; background_size=&#8220;initial&#8220; background_position=&#8220;top_left&#8220; background_horizontal_offset=&#8220;100%&#8220; background_vertical_offset=&#8220;65%&#8220; custom_margin=&#8220;50px||50px||true|false&#8220; custom_margin_tablet=&#8220;50px||50px||true|false&#8220; custom_margin_phone=&#8220;0px||0px||true|false&#8220; custom_margin_last_edited=&#8220;on|phone&#8220; background_last_edited=&#8220;on|phone&#8220; use_background_color_gradient_tablet=&#8220;on&#8220; use_background_color_gradient_phone=&#8220;on&#8220; background_color_gradient_stops_tablet=&#8220;rgba(255,255,255,0.97) 0%|rgba(255,255,255,0.85) 70%|rgba(255,255,255,0.75) 100%&#8220; background_color_gradient_stops_phone=&#8220;rgba(255,255,255,0.97) 1%|rgba(255,255,255,0.64) 68%|rgba(255,255,255,0.75) 100%&#8220; background_color_gradient_overlays_image_tablet=&#8220;on&#8220; background_enable_image_phone=&#8220;off&#8220; background_horizontal_offset_tablet=&#8220;93%&#8220; background_vertical_offset_tablet=&#8220;75%&#8220; global_colors_info=&#8220;{}&#8220;][et_pb_row _builder_version=&#8220;4.23.1&#8243; _module_preset=&#8220;default&#8220; global_colors_info=&#8220;{}&#8220;][et_pb_column type=&#8220;4_4&#8243; _builder_version=&#8220;4.23.1&#8243; _module_preset=&#8220;default&#8220; global_colors_info=&#8220;{}&#8220;][et_pb_text _builder_version=&#8220;4.24.2&#8243; _module_preset=&#8220;default&#8220; header_5_line_height=&#8220;1.2em&#8220; global_colors_info=&#8220;{}&#8220;]<\/p>\n<h5>General translations, certified translations\nand specialist translations<\/h5>\n<p>[\/et_pb_text][et_pb_text _builder_version=&#8220;4.24.2&#8243; _module_preset=&#8220;default&#8220; global_colors_info=&#8220;{}&#8220;]<\/p>\n<p>While I translate numerous types of text from French and English, my primary specialisations have developed over the years within the technical, legal and construction engineering sectors. As I am certified for courts and notaries, I can also provide you with certified translations into and out of French.<\/p>\n<p>I work with a network of experienced native speakers to offer you translations into other languages. Final proofreading of your German texts is also part of my services.<\/p>\n<p>[\/et_pb_text][et_pb_button button_url=&#8220;https:\/\/uebersetzungen-riede.de\/leistungen\/&#8220; button_text=&#8220;Alle Leistungen&#8220; button_alignment=&#8220;left&#8220; button_alignment_tablet=&#8220;left&#8220; button_alignment_phone=&#8220;center&#8220; button_alignment_last_edited=&#8220;on|phone&#8220; _builder_version=&#8220;4.24.2&#8243; _module_preset=&#8220;default&#8220; custom_button=&#8220;on&#8220; button_text_size=&#8220;20px&#8220; button_letter_spacing=&#8220;0px&#8220; button_font=&#8220;QuicksandSemibold||||||||&#8220; button_icon=&#8220;&#x45;||divi||400&#8243; custom_margin=&#8220;||||false|false&#8220; custom_margin_tablet=&#8220;||||false|false&#8220; custom_margin_phone=&#8220;|||-5px|false|false&#8220; custom_margin_last_edited=&#8220;on|phone&#8220; custom_css_main_element=&#8220;width: 350px!important;||text-align: center;&#8220; global_colors_info=&#8220;{}&#8220; button_bg_color__hover_enabled=&#8220;on|hover&#8220; button_bg_color__hover=&#8220;#707070&#8243; button_bg_enable_color__hover=&#8220;on&#8220; custom_css_main_element_last_edited=&#8220;on|phone&#8220; custom_css_main_element_phone=&#8220;width: 300px!important;||text-align: center;&#8220; custom_css_main_element_tablet=&#8220;width: 350px!important;||text-align: center;&#8220;][\/et_pb_button][\/et_pb_column][\/et_pb_row][\/et_pb_section][et_pb_section fb_built=&#8220;1&#8243; admin_label=&#8220;Amenities&#8220; _builder_version=&#8220;4.23.4&#8243; _module_preset=&#8220;default&#8220; background_color=&#8220;rgba(227,227,227,0.25)&#8220; background_enable_image=&#8220;off&#8220; background_size=&#8220;contain&#8220; background_position=&#8220;top_left&#8220; global_colors_info=&#8220;{}&#8220;][et_pb_row column_structure=&#8220;1_3,2_3&#8243; make_equal=&#8220;on&#8220; _builder_version=&#8220;4.23.4&#8243; _module_preset=&#8220;default&#8220; global_colors_info=&#8220;{}&#8220;][et_pb_column type=&#8220;1_3&#8243; module_class=&#8220;vertikal-zentrieren&#8220; _builder_version=&#8220;4.23.4&#8243; _module_preset=&#8220;default&#8220; global_colors_info=&#8220;{}&#8220;][et_pb_image src=&#8220;https:\/\/uebersetzungen-riede.de\/wp-content\/uploads\/2024\/01\/Mitgliedslogo_kurz_de.png&#8220; alt=&#8220;Mitgliedslogo des Bundesverbands der Dolmetscher und \u00dcbersetzer e.V.&#8220; title_text=&#8220;Mitgliedslogo_kurz_de&#8220; url=&#8220;https:\/\/bdue.de\/der-bdue&#8220; url_new_window=&#8220;on&#8220; align=&#8220;center&#8220; _builder_version=&#8220;4.24.2&#8243; _module_preset=&#8220;default&#8220; width=&#8220;26%&#8220; height=&#8220;100%&#8220; global_colors_info=&#8220;{}&#8220;][\/et_pb_image][\/et_pb_column][et_pb_column type=&#8220;2_3&#8243; module_class=&#8220;vertikal-zentrieren&#8220; _builder_version=&#8220;4.23.4&#8243; _module_preset=&#8220;default&#8220; global_colors_info=&#8220;{}&#8220;][et_pb_text content_tablet=&#8220;Daniela Berger-Riede | Staatlich gepr\u00fcfte \u00dcbersetzerin f\u00fcr Franz\u00f6sisch (BD\u00dc)<br \/>\nAuthorised translator of French for the courts and notaries of the Free State<br \/>\nfranz\u00f6sischen Sprache f\u00fcr die Gerichte und Notare des Freistaats Th\u00fcringen&#8220; content_phone=&#8220;<\/p>\n<p>Daniela Berger-Riede | State-certified translator for French (BD\u00dc)<br \/>Authorised translator of French for the courts and notaries of the Free State of Thuringia, as licensed by the President of the Erfurt District Court.<\/p>\n<p>&#8220; content_last_edited=&#8220;on|tablet&#8220; _builder_version=&#8220;4.23.4&#8243; _module_preset=&#8220;default&#8220; custom_margin=&#8220;|-11px|11px||false|false&#8220; custom_margin_tablet=&#8220;|-113px||-37px|false|false&#8220; custom_margin_phone=&#8220;|-10px||0px|false|false&#8220; custom_margin_last_edited=&#8220;on|phone&#8220; custom_padding_tablet=&#8220;&#8220; custom_padding_phone=&#8220;&#8220; custom_padding_last_edited=&#8220;on|desktop&#8220; global_colors_info=&#8220;{}&#8220;]<\/p>\n<p>Daniela Berger-Riede | State-certified translator for French (BD\u00dc)<br \/>Authorised translator of French for the courts and notaries of the Free State<br \/>of Thuringia, as licensed by the President of the Erfurt District Court.<\/p>\n<p>[\/et_pb_text][\/et_pb_column][\/et_pb_row][\/et_pb_section]<\/p>","protected":false},"excerpt":{"rendered":"<p>Fach\u00fcbersetzungenFranz\u00f6sisch | Englisch | DeutschProfessionelle \u00dcbersetzungen sind der Schl\u00fcssel f\u00fcr die erfolgreiche Kommunikation mit Ihren anderssprachigen Gesch\u00e4ftspartnern. Denn nur erfahrene \u00dcbersetzer: k\u00f6nnen Ihre Botschaft so in der Fremdsprache wiedergeben, dass es keine Missverst\u00e4ndnisse gibt, behalten den Gesamtkontext (und somit den Sinn) im Blick, kennen die Gepflogenheiten, Gebr\u00e4uche und Fallstricke in der Ausgangs- und Zielsprache, erkennen [&hellip;]<\/p>","protected":false},"author":1,"featured_media":0,"parent":0,"menu_order":0,"comment_status":"closed","ping_status":"closed","template":"","meta":{"_et_pb_use_builder":"on","_et_pb_old_content":"","_et_gb_content_width":"","footnotes":""},"class_list":["post-17","page","type-page","status-publish","hentry"],"yoast_head":"<!-- This site is optimized with the Yoast SEO plugin v26.5 - https:\/\/yoast.com\/wordpress\/plugins\/seo\/ -->\n<title>Startseite &#8211; \u00dcbersetzungen Riede<\/title>\n<meta name=\"description\" content=\"Fach\u00fcbersetzungen Technik, Bauwesen, Logistik &amp; Recht | Deutsch \u2714 Franz\u00f6sisch \u2714 Englisch \u2714 | Beglaubigte \u00dcbersetzungen. Jetzt anfragen!\" \/>\n<meta name=\"robots\" content=\"index, follow, max-snippet:-1, max-image-preview:large, max-video-preview:-1\" \/>\n<link rel=\"canonical\" href=\"https:\/\/uebersetzungen-riede.de\/en\/\" \/>\n<meta property=\"og:locale\" content=\"en_GB\" \/>\n<meta property=\"og:type\" content=\"article\" \/>\n<meta property=\"og:title\" content=\"Startseite &#8211; \u00dcbersetzungen Riede\" \/>\n<meta property=\"og:description\" content=\"Fach\u00fcbersetzungen Technik, Bauwesen, Logistik &amp; Recht | Deutsch \u2714 Franz\u00f6sisch \u2714 Englisch \u2714 | Beglaubigte \u00dcbersetzungen. Jetzt anfragen!\" \/>\n<meta property=\"og:url\" content=\"https:\/\/uebersetzungen-riede.de\/en\/\" \/>\n<meta property=\"og:site_name\" content=\"\u00dcbersetzungen Riede\" \/>\n<meta property=\"article:modified_time\" content=\"2025-06-13T13:33:53+00:00\" \/>\n<meta name=\"twitter:card\" content=\"summary_large_image\" \/>\n<meta name=\"twitter:label1\" content=\"Estimated reading time\" \/>\n\t<meta name=\"twitter:data1\" content=\"3 minutes\" \/>\n<script type=\"application\/ld+json\" class=\"yoast-schema-graph\">{\"@context\":\"https:\/\/schema.org\",\"@graph\":[{\"@type\":\"WebPage\",\"@id\":\"https:\/\/uebersetzungen-riede.de\/\",\"url\":\"https:\/\/uebersetzungen-riede.de\/\",\"name\":\"Startseite &#8211; \u00dcbersetzungen Riede\",\"isPartOf\":{\"@id\":\"https:\/\/uebersetzungen-riede.de\/#website\"},\"datePublished\":\"2023-12-18T09:29:48+00:00\",\"dateModified\":\"2025-06-13T13:33:53+00:00\",\"description\":\"Fach\u00fcbersetzungen Technik, Bauwesen, Logistik & Recht | Deutsch \u2714 Franz\u00f6sisch \u2714 Englisch \u2714 | Beglaubigte \u00dcbersetzungen. Jetzt anfragen!\",\"breadcrumb\":{\"@id\":\"https:\/\/uebersetzungen-riede.de\/#breadcrumb\"},\"inLanguage\":\"en-GB\",\"potentialAction\":[{\"@type\":\"ReadAction\",\"target\":[\"https:\/\/uebersetzungen-riede.de\/\"]}]},{\"@type\":\"BreadcrumbList\",\"@id\":\"https:\/\/uebersetzungen-riede.de\/#breadcrumb\",\"itemListElement\":[{\"@type\":\"ListItem\",\"position\":1,\"name\":\"Startseite\",\"item\":\"https:\/\/uebersetzungen-riede.de\/\"},{\"@type\":\"ListItem\",\"position\":2,\"name\":\"Startseite\"}]},{\"@type\":\"WebSite\",\"@id\":\"https:\/\/uebersetzungen-riede.de\/#website\",\"url\":\"https:\/\/uebersetzungen-riede.de\/\",\"name\":\"\u00dcbersetzungen Riede\",\"description\":\"Fach\u00fcbersetzungen deutsch | franz\u00f6sisch | englisch\",\"publisher\":{\"@id\":\"https:\/\/uebersetzungen-riede.de\/#\/schema\/person\/48d0296c0333c7180367622cf36d1c74\"},\"potentialAction\":[{\"@type\":\"SearchAction\",\"target\":{\"@type\":\"EntryPoint\",\"urlTemplate\":\"https:\/\/uebersetzungen-riede.de\/?s={search_term_string}\"},\"query-input\":{\"@type\":\"PropertyValueSpecification\",\"valueRequired\":true,\"valueName\":\"search_term_string\"}}],\"inLanguage\":\"en-GB\"},{\"@type\":[\"Person\",\"Organization\"],\"@id\":\"https:\/\/uebersetzungen-riede.de\/#\/schema\/person\/48d0296c0333c7180367622cf36d1c74\",\"name\":\"admin\",\"image\":{\"@type\":\"ImageObject\",\"inLanguage\":\"en-GB\",\"@id\":\"https:\/\/uebersetzungen-riede.de\/#\/schema\/person\/image\/\",\"url\":\"https:\/\/neu.uebersetzungen-riede.de\/wp-content\/uploads\/2024\/01\/cropped-Favicon.png\",\"contentUrl\":\"https:\/\/neu.uebersetzungen-riede.de\/wp-content\/uploads\/2024\/01\/cropped-Favicon.png\",\"width\":512,\"height\":512,\"caption\":\"admin\"},\"logo\":{\"@id\":\"https:\/\/uebersetzungen-riede.de\/#\/schema\/person\/image\/\"},\"sameAs\":[\"https:\/\/neu.uebersetzungen-riede.de\"]}]}<\/script>\n<!-- \/ Yoast SEO plugin. -->","yoast_head_json":{"title":"Startseite &#8211; \u00dcbersetzungen Riede","description":"Specialist technical, construction engineering, logistics and legal translations | German \u2714 French \u2714 English \u2714 | Certified translations \u2714 Contact me!","robots":{"index":"index","follow":"follow","max-snippet":"max-snippet:-1","max-image-preview":"max-image-preview:large","max-video-preview":"max-video-preview:-1"},"canonical":"https:\/\/uebersetzungen-riede.de\/en\/","og_locale":"en_GB","og_type":"article","og_title":"Startseite &#8211; \u00dcbersetzungen Riede","og_description":"Fach\u00fcbersetzungen Technik, Bauwesen, Logistik & Recht | Deutsch \u2714 Franz\u00f6sisch \u2714 Englisch \u2714 | Beglaubigte \u00dcbersetzungen. Jetzt anfragen!","og_url":"https:\/\/uebersetzungen-riede.de\/en\/","og_site_name":"\u00dcbersetzungen Riede","article_modified_time":"2025-06-13T13:33:53+00:00","twitter_card":"summary_large_image","twitter_misc":{"Estimated reading time":"3 minutes"},"schema":{"@context":"https:\/\/schema.org","@graph":[{"@type":"WebPage","@id":"https:\/\/uebersetzungen-riede.de\/","url":"https:\/\/uebersetzungen-riede.de\/","name":"Startseite &#8211; \u00dcbersetzungen Riede","isPartOf":{"@id":"https:\/\/uebersetzungen-riede.de\/#website"},"datePublished":"2023-12-18T09:29:48+00:00","dateModified":"2025-06-13T13:33:53+00:00","description":"Specialist technical, construction engineering, logistics and legal translations | German \u2714 French \u2714 English \u2714 | Certified translations \u2714 Contact me!","breadcrumb":{"@id":"https:\/\/uebersetzungen-riede.de\/#breadcrumb"},"inLanguage":"en-GB","potentialAction":[{"@type":"ReadAction","target":["https:\/\/uebersetzungen-riede.de\/"]}]},{"@type":"BreadcrumbList","@id":"https:\/\/uebersetzungen-riede.de\/#breadcrumb","itemListElement":[{"@type":"ListItem","position":1,"name":"Startseite","item":"https:\/\/uebersetzungen-riede.de\/"},{"@type":"ListItem","position":2,"name":"Startseite"}]},{"@type":"WebSite","@id":"https:\/\/uebersetzungen-riede.de\/#website","url":"https:\/\/uebersetzungen-riede.de\/","name":"\u00dcbersetzungen Riede","description":"Fach\u00fcbersetzungen deutsch | franz\u00f6sisch | englisch","publisher":{"@id":"https:\/\/uebersetzungen-riede.de\/#\/schema\/person\/48d0296c0333c7180367622cf36d1c74"},"potentialAction":[{"@type":"SearchAction","target":{"@type":"EntryPoint","urlTemplate":"https:\/\/uebersetzungen-riede.de\/?s={search_term_string}"},"query-input":{"@type":"PropertyValueSpecification","valueRequired":true,"valueName":"search_term_string"}}],"inLanguage":"en-GB"},{"@type":["Person","Organization"],"@id":"https:\/\/uebersetzungen-riede.de\/#\/schema\/person\/48d0296c0333c7180367622cf36d1c74","name":"admin","image":{"@type":"ImageObject","inLanguage":"en-GB","@id":"https:\/\/uebersetzungen-riede.de\/#\/schema\/person\/image\/","url":"https:\/\/neu.uebersetzungen-riede.de\/wp-content\/uploads\/2024\/01\/cropped-Favicon.png","contentUrl":"https:\/\/neu.uebersetzungen-riede.de\/wp-content\/uploads\/2024\/01\/cropped-Favicon.png","width":512,"height":512,"caption":"admin"},"logo":{"@id":"https:\/\/uebersetzungen-riede.de\/#\/schema\/person\/image\/"},"sameAs":["https:\/\/neu.uebersetzungen-riede.de"]}]}},"_links":{"self":[{"href":"https:\/\/uebersetzungen-riede.de\/en\/wp-json\/wp\/v2\/pages\/17","targetHints":{"allow":["GET"]}}],"collection":[{"href":"https:\/\/uebersetzungen-riede.de\/en\/wp-json\/wp\/v2\/pages"}],"about":[{"href":"https:\/\/uebersetzungen-riede.de\/en\/wp-json\/wp\/v2\/types\/page"}],"author":[{"embeddable":true,"href":"https:\/\/uebersetzungen-riede.de\/en\/wp-json\/wp\/v2\/users\/1"}],"replies":[{"embeddable":true,"href":"https:\/\/uebersetzungen-riede.de\/en\/wp-json\/wp\/v2\/comments?post=17"}],"version-history":[{"count":190,"href":"https:\/\/uebersetzungen-riede.de\/en\/wp-json\/wp\/v2\/pages\/17\/revisions"}],"predecessor-version":[{"id":1302,"href":"https:\/\/uebersetzungen-riede.de\/en\/wp-json\/wp\/v2\/pages\/17\/revisions\/1302"}],"wp:attachment":[{"href":"https:\/\/uebersetzungen-riede.de\/en\/wp-json\/wp\/v2\/media?parent=17"}],"curies":[{"name":"wp","href":"https:\/\/api.w.org\/{rel}","templated":true}]}}